{"id":100,"date":"2015-08-25T12:52:36","date_gmt":"2015-08-25T12:52:36","guid":{"rendered":"http:\/leap_version\/codeless.co\/tower\/creative\/?page_id=100"},"modified":"2025-04-18T16:36:35","modified_gmt":"2025-04-18T14:36:35","slug":"low-code-platform","status":"publish","type":"page","link":"https:\/\/www.moovem.pl\/pl\/low-code-platform\/","title":{"rendered":"Low-Code Platform"},"content":{"rendered":"<section class=\"wpb-content-wrapper\"><div id=\"fws_69eb867362501\" class=\"wpb_row  vc_row-fluid   row-dynamic-el section-style parallax_section\" style=\"background-repeat: no-repeat; background-color: #252525; padding-bottom: 0px ;  background-image: url(https:\/\/www.moovem.pl\/wp-content\/uploads\/2021\/06\/caspar-camille-rubin-fPkvU7RDmCo-unsplash-scaled.jpg); background-position: 50% 0px; \"><div  style=\"position: absolute;top: 0;\"><\/div><div class=\"bg-overlay\" style=\"background:rgba(37,37,37,0.8 );\"><\/div><div class=\"container animate_onoffset light\"><div class=\"section_clear\">\n\t<div class=\"vc_col-sm-12 wpb_column column_container with_padding\" style=\"padding:\" data-animation=\"none\" data-delay=\"\">\n\t\t<div class=\"wpb_wrapper\">\n\t\t\t<h2 style=\"font-size: 14px;color: #e5af5a;line-height: 20px;text-align: center;font-family:Merriweather;font-weight:400;font-style:italic\" class=\"vc_custom_heading\" >Platformy Low-Code<\/h2><div class=\"wpb_content_element block_title section_title inner-only_text\"><h1>KROK MILOWY NA DRODZE ROZWOJU TECHNIK WYTWARZANIA OPROGRAMOWANIA<\/h1><\/div><div class=\"vc_row wpb_row vc_inner vc_row-fluid\"><div class=\"wpb_column vc_column_container vc_col-sm-12\"><div class=\"vc_column-inner\"><div class=\"wpb_wrapper\">\n\t<div class=\"wpb_text_column wpb_content_element\">\n\t\t<div class=\"wpb_wrapper\">\n\t\t\t<p style=\"text-align: center;\">Ka\u017cda firma powinna skupi\u0107 si\u0119 na ci\u0105g\u0142ym rozwoju by by\u0107 o krok przed konkurencj\u0105. W wi\u0119kszo\u015bci przypadk\u00f3w o przewadze tej stanowi\u0105 innowacje i ulepszenia cyfrowe. Czas po\u015bwi\u0119cony na przygotowanie i wdro\u017cenie innowacyjnych us\u0142ug cyfrowych oraz ich dopasowanie do wymaga\u0144 rynkowych staj\u0105 si\u0119 najwa\u017cniejszymi czynnikami w wy\u015bcigu o uzyskanie pozycji lidera. Sprawno\u015b\u0107 w dalszym utrzymaniu i ci\u0105g\u0142ym doskonaleniu opracowanych rozwi\u0105za\u0144 warunkuje utrzymanie wypracowanej pozycji rynkowej.<\/p>\n\n\t\t<\/div> \n\t<\/div> <div class=\"vc_separator wpb_content_element vc_separator_align_center vc_sep_width_70 vc_sep_dashed vc_sep_pos_align_center vc_sep_color_grey vc_separator-has-text\" ><span class=\"vc_sep_holder vc_sep_holder_l\"><span class=\"vc_sep_line\"><\/span><\/span><h4>LOW-CODE - PODEJ\u015aCIE STWARZAJ\u0104CE ZNACZ\u0104C\u0104 PRZEWAG\u0118 RYNKOW\u0104<\/h4><span class=\"vc_sep_holder vc_sep_holder_r\"><span class=\"vc_sep_line\"><\/span><\/span>\n<\/div><\/div><\/div><\/div><\/div><div class=\"vc_row wpb_row vc_inner vc_row-fluid\"><div class=\"wpb_column vc_column_container vc_col-sm-6\"><div class=\"vc_column-inner\"><div class=\"wpb_wrapper\"><div class=\"services_small wpb_content_element align_left style_1\"><dl class=\"dl-horizontal with_icon\">    <dt>        <i class=\"steadysets-icon-clock\" style=\"color:#e5af5a;\"><\/i>    <\/dt>    <dd>        <h4><a href=\"\">Time to market<\/a><\/h4>    <div class=\"content\">         <div>tworzenie stabilnych i zaawansowanych technologicznie rozwi\u0105za\u0144 w niewiarygodnie kr\u00f3tkim czasie i przy zredukowanej z\u0142o\u017cono\u015bci<\/div>    <\/div>    <\/dd><\/dl><\/div><\/div><\/div><\/div><div class=\"wpb_column vc_column_container vc_col-sm-6\"><div class=\"vc_column-inner\"><div class=\"wpb_wrapper\"><div class=\"services_small wpb_content_element align_left style_1\"><dl class=\"dl-horizontal with_icon\">    <dt>        <i class=\"moon-people\" style=\"color:#e5af5a;\"><\/i>    <\/dt>    <dd>        <h4><a href=\"\">Zesp\u00f3\u0142<\/a><\/h4>    <div class=\"content\">         <div>nie jest konieczne anga\u017cowanie du\u017cych, wyspecjalizowanych zespo\u0142\u00f3w programist\u00f3w - w centrum uwagi znajduj\u0105 si\u0119 analitycy i u\u017cytkownicy biznesowi - zapewnienie wysokiego wsp\u00f3\u0142czynnika zgodno\u015bci z celami biznesowymi<\/div>    <\/div>    <\/dd><\/dl><\/div><\/div><\/div><\/div><\/div><div id=\"gene\" class=\"vc_row wpb_row vc_inner vc_row-fluid\"><div class=\"wpb_column vc_column_container vc_col-sm-6\"><div class=\"vc_column-inner\"><div class=\"wpb_wrapper\"><div class=\"services_small wpb_content_element align_left style_1\"><dl class=\"dl-horizontal with_icon\">    <dt>        <i class=\"steadysets-icon-refresh\" style=\"color:#e5af5a;\"><\/i>    <\/dt>    <dd>        <h4><a href=\"\">Zwinno\u015b\u0107 i Elastyczno\u015b\u0107<\/a><\/h4>    <div class=\"content\">         <div>zapewniony wysoki poziom zwinno\u015bci w utrzymaniu i adaptacji wytworzonych rozwi\u0105za\u0144 - zmiany mog\u0105 by\u0107 wprowadzane w kr\u00f3tkim czasie - praktycznie na bie\u017c\u0105co - odpowiadaj\u0105c bezpo\u015brednio na bie\u017c\u0105ce wynagania rynku i potrzeby Twoich klient\u00f3w<\/div>    <\/div>    <\/dd><\/dl><\/div><\/div><\/div><\/div><div class=\"wpb_column vc_column_container vc_col-sm-6\"><div class=\"vc_column-inner\"><div class=\"wpb_wrapper\"><div class=\"services_small wpb_content_element align_left style_1\"><dl class=\"dl-horizontal with_icon\">    <dt>        <i class=\"moon-coins\" style=\"color:#e5af5a;\"><\/i>    <\/dt>    <dd>        <h4><a href=\"\">Koszty<\/a><\/h4>    <div class=\"content\">         <div>niska pocz\u0105tkowa inwestycja pozwala na rozpocz\u0119cie wykorzystania rozwi\u0105za\u0144 Low-Code bez g\u0142\u0119bokiego badania bud\u017cetu i dalsze skalowanie rozwi\u0105zania wraz z rzeczywistym rozwojem biznesu<\/div>    <\/div>    <\/dd><\/dl><\/div><\/div><\/div><\/div><\/div>\n\t\t<\/div> \n\t<\/div> \n<\/div><\/div><\/div><div id=\"fws_69eb867363e34\" class=\"wpb_row  vc_row-fluid   row-dynamic-el section-style parallax_section\" style=\"background-repeat: no-repeat;  background-image: url(https:\/\/www.moovem.pl\/wp-content\/uploads\/2021\/06\/stock-vector-running-man-network-connection-turned-into-vector-illustration-548717095.jpg); background-position: 50% 0px; \"><div  style=\"position: absolute;top: 0;\"><\/div><div class=\"bg-overlay\" style=\"background:rgba(255,255,255,0.93);\"><\/div><div class=\"container animate_onoffset dark\"><div class=\"section_clear\">\n\t<div class=\"vc_col-sm-12 wpb_column column_container with_padding\" style=\"padding:\" data-animation=\"none\" data-delay=\"\">\n\t\t<div class=\"wpb_wrapper\">\n\t\t\t<h2 style=\"font-size: 14px;color: #e5af5a;line-height: 20px;text-align: center;font-family:Merriweather;font-weight:400;font-style:italic\" class=\"vc_custom_heading\" >Wybrali\u015bmy<\/h2><div class=\"wpb_content_element block_title section_title inner-only_text\"><h1>WIOD\u0104C\u0104 PLATFORM\u0118 LOW-CODE<\/h1><p style=\"padding:0 28%;\"><img loading=\"lazy\" decoding=\"async\" class=\"aligncenter wp-image-4403\" src=\"https:\/\/www.moovem.pl\/wp-content\/uploads\/2022\/05\/genexus-logo-300x96-1.png\" alt=\"\" width=\"131\" height=\"42\" srcset=\"https:\/\/www.moovem.pl\/wp-content\/uploads\/2022\/05\/genexus-logo-300x96-1.png 300w, https:\/\/www.moovem.pl\/wp-content\/uploads\/2022\/05\/genexus-logo-300x96-1-18x6.png 18w\" sizes=\"auto, (max-width: 131px) 100vw, 131px\" \/><\/p><\/div>\n\t<div class=\"wpb_text_column wpb_content_element\">\n\t\t<div class=\"wpb_wrapper\">\n\t\t\t<h3 style=\"text-align: center;\">Jeste\u015bmy partnerem GeneXus\u2122 - producenta jednej z wiod\u0105cych na rynku platform Low-Code.<\/h3>\n<h3 style=\"text-align: center;\">Wybrali\u015bmy GeneXus\u2122 jako najbardziej warto\u015bciow\u0105 wed\u0142ug nas Platform\u0119 Low-Code dost\u0119pn\u0105 na rynku. Najwa\u017cniejsze czynniki kt\u00f3re brali\u015bmy pod uwag\u0119 to:<\/h3>\n\n\t\t<\/div> \n\t<\/div> <div class=\"vc_row wpb_row vc_inner vc_row-fluid\"><div class=\"wpb_column vc_column_container vc_col-sm-4\"><div class=\"vc_column-inner\"><div class=\"wpb_wrapper\"><div class=\"services_small wpb_content_element align_left style_1\"><dl class=\"dl-horizontal with_icon\">    <dt>        <i class=\"steadysets-icon-checkmark\" style=\"color:#e5af5a;\"><\/i>    <\/dt>    <dd>        <h4><a href=\"\">Zaawansowana technologia wspierana przez algorytmy AI - odpowiednia dla z\u0142o\u017conych rozwi\u0105za\u0144.<\/a><\/h4>    <div class=\"content\">         <div><\/div>    <\/div>    <\/dd><\/dl><\/div><\/div><\/div><\/div><div class=\"wpb_column vc_column_container vc_col-sm-4\"><div class=\"vc_column-inner\"><div class=\"wpb_wrapper\"><div class=\"services_small wpb_content_element align_left style_1\"><dl class=\"dl-horizontal with_icon\">    <dt>        <i class=\"steadysets-icon-checkmark\" style=\"color:#e5af5a;\"><\/i>    <\/dt>    <dd>        <h4><a href=\"\">Licencjonowane dla dewelopera - nie licencjonujemy u\u017cytkownik\u00f3w aplikacji ani poszczeg\u00f3lnych instancji lub jednostek PVU - wygenerowany kod jest twoim kodem i nic nam do tego jak go u\u017cywasz!<\/a><\/h4>    <div class=\"content\">         <div><\/div>    <\/div>    <\/dd><\/dl><\/div><\/div><\/div><\/div><div class=\"wpb_column vc_column_container vc_col-sm-4\"><div class=\"vc_column-inner\"><div class=\"wpb_wrapper\"><div class=\"services_small wpb_content_element align_left style_1\"><dl class=\"dl-horizontal with_icon\">    <dt>        <i class=\"steadysets-icon-checkmark\" style=\"color:#e5af5a;\"><\/i>    <\/dt>    <dd>        <h4><a href=\"\">Prawdziwie sp\u00f3jna platforma do tworzenia aplikacji internetowych i mobilnych zapewniaj\u0105ca wysoki poziom multiexperience.<\/a><\/h4>    <div class=\"content\">         <div><\/div>    <\/div>    <\/dd><\/dl><\/div><\/div><\/div><\/div><\/div><div class=\"vc_row wpb_row vc_inner vc_row-fluid\"><div class=\"wpb_column vc_column_container vc_col-sm-4\"><div class=\"vc_column-inner\"><div class=\"wpb_wrapper\"><div class=\"services_small wpb_content_element align_left style_1\"><dl class=\"dl-horizontal with_icon\">    <dt>        <i class=\"steadysets-icon-checkmark\" style=\"color:#e5af5a;\"><\/i>    <\/dt>    <dd>        <h4><a href=\"\">Wygenerowany kod mo\u017ce by\u0107 dopasowany do wymaga\u0144 technologicznych Twojej architektury korporacyjnej - mo\u017cemy wygenerowa\u0107 kod w java lub .net z angular na front-end lub java script - zale\u017cy od Twojego wyboru.<\/a><\/h4>    <div class=\"content\">         <div><\/div>    <\/div>    <\/dd><\/dl><\/div><\/div><\/div><\/div><div class=\"wpb_column vc_column_container vc_col-sm-4\"><div class=\"vc_column-inner\"><div class=\"wpb_wrapper\"><div class=\"services_small wpb_content_element align_left style_1\"><dl class=\"dl-horizontal with_icon\">    <dt>        <i class=\"steadysets-icon-checkmark\" style=\"color:#e5af5a;\"><\/i>    <\/dt>    <dd>        <h4><a href=\"\">Wygenerowany kod mo\u017ce by\u0107 wdro\u017cony na Twojej w\u0142asnej infrastrukturze lub w dowolnie wybranej us\u0142udze cloud - nie jeste\u015b zmuszony do korzystania z konkretnej us\u0142ugi cloud.<\/a><\/h4>    <div class=\"content\">         <div><\/div>    <\/div>    <\/dd><\/dl><\/div><\/div><\/div><\/div><div class=\"wpb_column vc_column_container vc_col-sm-4\"><div class=\"vc_column-inner\"><div class=\"wpb_wrapper\"><div class=\"services_small wpb_content_element align_left style_1\"><dl class=\"dl-horizontal with_icon\">    <dt>        <i class=\"steadysets-icon-checkmark\" style=\"color:#e5af5a;\"><\/i>    <\/dt>    <dd>        <h4><a href=\"\">Rozszerzenia SAP - najszybszy spos\u00f3b na tworzenie niestandardowych aplikacji natywnych, kt\u00f3re wykorzystuj\u0105 Machine Learning, integruj\u0105 si\u0119 z SAP S\/4HANA\u00ae i dzia\u0142aj\u0105 na SAP Cloud Platform.<\/a><\/h4>    <div class=\"content\">         <div><\/div>    <\/div>    <\/dd><\/dl><\/div><\/div><\/div><\/div><\/div>\n\t<div class=\"wpb_text_column wpb_content_element\">\n\t\t<div class=\"wpb_wrapper\">\n\t\t\t<h2 style=\"text-align: center;\">Skontaktuj si\u0119 z nami bezpo\u015brednio - wyja\u015bnimy Ci, dlaczego jest to wa\u017cne i co mo\u017cemy dla Ciebie zrobi\u0107, u\u017cywaj\u0105c <img loading=\"lazy\" decoding=\"async\" class=\"alignnone wp-image-4403\" src=\"https:\/\/www.moovem.pl\/wp-content\/uploads\/2022\/05\/genexus-logo-300x96-1.png\" alt=\"\" width=\"104\" height=\"33\" srcset=\"https:\/\/www.moovem.pl\/wp-content\/uploads\/2022\/05\/genexus-logo-300x96-1.png 300w, https:\/\/www.moovem.pl\/wp-content\/uploads\/2022\/05\/genexus-logo-300x96-1-18x6.png 18w\" sizes=\"auto, (max-width: 104px) 100vw, 104px\" \/> Low-Code Platform.<\/h2>\n\n\t\t<\/div> \n\t<\/div> <div class=\"vc_btn3-container vc_btn3-center vc_custom_1624885929874\" ><a class=\"vc_general vc_btn3 vc_btn3-size-md vc_btn3-shape-round vc_btn3-style-modern vc_btn3-color-orange\" href=\"#message_form\" title=\"\">Wy\u015blij nam wiadomo\u015b\u0107<\/a><\/div><div class=\"vc_empty_space\"   style=\"height: 32px\"><span class=\"vc_empty_space_inner\"><\/span><\/div>\n\t<div class=\"wpb_text_column wpb_content_element\">\n\t\t<div class=\"wpb_wrapper\">\n\t\t\t<p style=\"text-align: center;\"><strong>Aby dowiedzie\u0107 si\u0119 wi\u0119cej o GeneXus\u2122 Low-Code Platform odwied\u017a stron\u0119 internetow\u0105 GeneXus\u2122.<\/strong><\/p>\n\n\t\t<\/div> \n\t<\/div> <div class=\"vc_btn3-container vc_btn3-center vc_custom_1624885906087\" id=\"message_form\" ><a class=\"vc_general vc_btn3 vc_btn3-size-md vc_btn3-shape-round vc_btn3-style-modern vc_btn3-color-orange\" href=\"https:\/\/www.genexus.com\/en\/products\/genexus\" title=\"\" target=\"_blank\">Odwied\u017a stron\u0119<\/a><\/div>\n\t\t<\/div> \n\t<\/div> \n<\/div><\/div><\/div><div id=\"fws_69eb867364ccb\" class=\"wpb_row  vc_row-fluid  animate_onoffset row-dynamic-el section-style\" style=\"background-color: #eaeaea; \"><div  style=\"position: absolute;top: 0;\"><\/div><div class=\"container  dark\"><div class=\"section_clear\">\n\t<div class=\"vc_col-sm-12 wpb_column column_container with_padding\" style=\"padding:\" data-animation=\"none\" data-delay=\"\">\n\t\t<div class=\"wpb_wrapper\">\n\t\t\t<div class=\"wpb_content_element block_title section_title inner-only_text\"><p style=\"padding:0 28%;\">Skorzystaj z formularza kontaktowego lub po prostu wy\u015blij do nas <a href=\"mailto:office@moovem.pro\">email<\/a>.<br \/>\nOdezwiemy si\u0119 do Ciebie tak szybko jak tylko b\u0119dziemy mogli.<a href=\"https:\/\/\/pl\/leap_version\/www.genexus.com\/en\/products\/genexus\/\"><br \/>\n<\/a><\/p><\/div><div class=\"vc_row wpb_row vc_inner vc_row-fluid\"><div class=\"wpb_column vc_column_container vc_col-sm-3\"><div class=\"vc_column-inner\"><div class=\"wpb_wrapper\"><\/div><\/div><\/div><div class=\"wpb_column vc_column_container vc_col-sm-6\" id=\"contact\"><div class=\"vc_column-inner\"><div class=\"wpb_wrapper\">\n<div class=\"wpcf7 no-js\" id=\"wpcf7-f3394-o1\" lang=\"pl-PL\" dir=\"ltr\">\n<div class=\"screen-reader-response\"><p role=\"status\" aria-live=\"polite\" aria-atomic=\"true\"><\/p> <ul><\/ul><\/div>\n<form action=\"\/pl\/wp-json\/wp\/v2\/pages\/100#wpcf7-f3394-o1\" method=\"post\" class=\"wpcf7-form init wpcf7-acceptance-as-validation\" aria-label=\"Formularz kontaktowy\" novalidate=\"novalidate\" data-status=\"init\" data-trp-original-action=\"\/pl\/wp-json\/wp\/v2\/pages\/100#wpcf7-f3394-o1\">\n<div style=\"display: none;\">\n<input type=\"hidden\" name=\"_wpcf7\" value=\"3394\" \/>\n<input type=\"hidden\" name=\"_wpcf7_version\" value=\"5.8.7\" \/>\n<input type=\"hidden\" name=\"_wpcf7_locale\" value=\"pl_PL\" \/>\n<input type=\"hidden\" name=\"_wpcf7_unit_tag\" value=\"wpcf7-f3394-o1\" \/>\n<input type=\"hidden\" name=\"_wpcf7_container_post\" value=\"0\" \/>\n<input type=\"hidden\" name=\"_wpcf7_posted_data_hash\" value=\"\" \/>\n<\/div>\n<div class=\"formWrapper\">\n\t<p><label> Twoje imi\u0119 i nazwisko<br \/>\n<span class=\"wpcf7-form-control-wrap\" data-name=\"your-name\"><input size=\"40\" class=\"wpcf7-form-control wpcf7-text wpcf7-validates-as-required\" aria-required=\"true\" aria-invalid=\"false\" value=\"\" type=\"text\" name=\"your-name\" \/><\/span> <\/label>\n\t<\/p>\n\t<p><label>Tw\u00f3j e-mail<br \/>\n<span class=\"wpcf7-form-control-wrap\" data-name=\"your-email\"><input size=\"40\" class=\"wpcf7-form-control wpcf7-email wpcf7-validates-as-required wpcf7-text wpcf7-validates-as-email\" aria-required=\"true\" aria-invalid=\"false\" value=\"\" type=\"email\" name=\"your-email\" \/><\/span> <\/label>\n\t<\/p>\n\t<p><label> Nazwa firmy<br \/>\n<span class=\"wpcf7-form-control-wrap\" data-name=\"your-company-name\"><input size=\"40\" class=\"wpcf7-form-control wpcf7-text wpcf7-validates-as-required\" aria-required=\"true\" aria-invalid=\"false\" value=\"\" type=\"text\" name=\"your-company-name\" \/><\/span> <\/label>\n\t<\/p>\n\t<p><label> Temat:<br \/>\n<span class=\"wpcf7-form-control-wrap\" data-name=\"your-subject\"><input size=\"40\" class=\"wpcf7-form-control wpcf7-text wpcf7-validates-as-required\" aria-required=\"true\" aria-invalid=\"false\" value=\"\" type=\"text\" name=\"your-subject\" \/><\/span> <\/label>\n\t<\/p>\n\t<p><label> Wiadomo\u015b\u0107<br \/>\n<span class=\"wpcf7-form-control-wrap\" data-name=\"your-message\"><textarea cols=\"40\" rows=\"10\" class=\"wpcf7-form-control wpcf7-textarea\" aria-invalid=\"false\" name=\"your-message\"><\/textarea><\/span> <\/label>\n\t<\/p>\n\t<p><span class=\"wpcf7-form-control-wrap\" data-name=\"acceptance-446\"><span class=\"wpcf7-form-control wpcf7-acceptance\"><span class=\"wpcf7-list-item\"><label><input type=\"checkbox\" name=\"acceptance-446\" value=\"1\" aria-invalid=\"false\" \/><span class=\"wpcf7-list-item-label\">Rozumiem i akceptuj\u0119, \u017ce wysy\u0142aj\u0105c wiadomo\u015b\u0107 za po\u015brednictwem tego formularza, wyra\u017cam zgod\u0119 na przetwarzanie moich danych osobowych. Wi\u0119cej informacji na temat przetwarzania danych mo\u017cna znale\u017a\u0107 w naszej Polityce Prywatno\u015bci.<br> <br> <a href=\"http:\/\/\/pl\/leap_version\/wordpress2138105.home.pl\/TEST_PA\/FT\/privacy-policy\/\"> Zobacz Polityk\u0119 Prywatno\u015bci GDPR <\/a><\/span><\/label><\/span><\/span><\/span>\n\t<\/p>\n\t<p><input class=\"wpcf7-form-control wpcf7-submit has-spinner\" type=\"submit\" value=\"Wy\u015blij\" \/>\n\t<\/p>\n<\/div><p style=\"display: none !important;\" class=\"akismet-fields-container\" data-prefix=\"_wpcf7_ak_\"><label>&#916;<textarea name=\"_wpcf7_ak_hp_textarea\" cols=\"45\" rows=\"8\" maxlength=\"100\"><\/textarea><\/label><input type=\"hidden\" id=\"ak_js_1\" name=\"_wpcf7_ak_js\" value=\"48\"\/><script>document.getElementById( \"ak_js_1\" ).setAttribute( \"value\", ( new Date() ).getTime() );<\/script><\/p><div class=\"wpcf7-response-output\" aria-hidden=\"true\"><\/div>\n<input type=\"hidden\" name=\"trp-form-language\" value=\"pl\"\/><\/form>\n<\/div>\n<\/div><\/div><\/div><div class=\"wpb_column vc_column_container vc_col-sm-3\"><div class=\"vc_column-inner\"><div class=\"wpb_wrapper\"><\/div><\/div><\/div><\/div>\n\t\t<\/div> \n\t<\/div> \n<\/div><\/div><\/div>\n<\/section>","protected":false},"excerpt":{"rendered":"Low-Code PlatformsTHE MILESTONE IN SOFTWARE DEVELOPMENT EVOLUTION Every company should focus on continuous growth and to be a step ahead of its competitors. In most cases, digital innovations and improvements constitute this competitive advantage. The time spent to prepare and implement innovative digital services and relevance of the services become the most critical factors in [...]","protected":false},"author":2,"featured_media":0,"parent":0,"menu_order":0,"comment_status":"closed","ping_status":"closed","template":"","meta":{"footnotes":""},"class_list":["post-100","page","type-page","status-publish","hentry"],"yoast_head":"<!-- This site is optimized with the Yoast SEO plugin v22.1 - https:\/\/yoast.com\/wordpress\/plugins\/seo\/ -->\n<title>Low-Code Platform - MOOVEM<\/title>\n<meta name=\"robots\" content=\"index, follow, max-snippet:-1, max-image-preview:large, max-video-preview:-1\" \/>\n<link rel=\"canonical\" href=\"https:\/\/www.moovem.pl\/pl\/low-code-platform\/\" \/>\n<meta property=\"og:locale\" content=\"pl_PL\" \/>\n<meta property=\"og:type\" content=\"article\" \/>\n<meta property=\"og:title\" content=\"Low-Code Platform - MOOVEM\" \/>\n<meta property=\"og:url\" content=\"https:\/\/www.moovem.pl\/pl\/low-code-platform\/\" \/>\n<meta property=\"og:site_name\" content=\"MOOVEM\" \/>\n<meta property=\"article:modified_time\" content=\"2025-04-18T14:36:35+00:00\" \/>\n<meta property=\"og:image\" content=\"https:\/\/www.moovem.pl\/wp-content\/uploads\/2022\/05\/genexus-logo-300x96-1.png\" \/>\n<meta name=\"twitter:card\" content=\"summary_large_image\" \/>\n<meta name=\"twitter:label1\" content=\"Szacowany czas czytania\" \/>\n\t<meta name=\"twitter:data1\" content=\"4 minuty\" \/>\n<script type=\"application\/ld+json\" class=\"yoast-schema-graph\">{\"@context\":\"https:\/\/schema.org\",\"@graph\":[{\"@type\":\"WebPage\",\"@id\":\"https:\/\/www.moovem.pl\/low-code-platform\/\",\"url\":\"https:\/\/www.moovem.pl\/low-code-platform\/\",\"name\":\"Low-Code Platform - MOOVEM\",\"isPartOf\":{\"@id\":\"https:\/\/wordpress2138105.home.pl\/leap_version\/en\/#website\"},\"datePublished\":\"2015-08-25T12:52:36+00:00\",\"dateModified\":\"2025-04-18T14:36:35+00:00\",\"breadcrumb\":{\"@id\":\"https:\/\/www.moovem.pl\/low-code-platform\/#breadcrumb\"},\"inLanguage\":\"pl-PL\",\"potentialAction\":[{\"@type\":\"ReadAction\",\"target\":[\"https:\/\/www.moovem.pl\/low-code-platform\/\"]}]},{\"@type\":\"BreadcrumbList\",\"@id\":\"https:\/\/www.moovem.pl\/low-code-platform\/#breadcrumb\",\"itemListElement\":[{\"@type\":\"ListItem\",\"position\":1,\"name\":\"Home\",\"item\":\"https:\/\/www.moovem.pl\/\"},{\"@type\":\"ListItem\",\"position\":2,\"name\":\"Low-Code Platform\"}]},{\"@type\":\"WebSite\",\"@id\":\"https:\/\/wordpress2138105.home.pl\/leap_version\/en\/#website\",\"url\":\"https:\/\/wordpress2138105.home.pl\/leap_version\/en\/\",\"name\":\"MOOVEM\",\"description\":\"Moovem sp. z o.o.\",\"publisher\":{\"@id\":\"https:\/\/wordpress2138105.home.pl\/leap_version\/en\/#organization\"},\"potentialAction\":[{\"@type\":\"SearchAction\",\"target\":{\"@type\":\"EntryPoint\",\"urlTemplate\":\"https:\/\/wordpress2138105.home.pl\/leap_version\/en\/?s={search_term_string}\"},\"query-input\":\"required name=search_term_string\"}],\"inLanguage\":\"pl-PL\"},{\"@type\":\"Organization\",\"@id\":\"https:\/\/wordpress2138105.home.pl\/leap_version\/en\/#organization\",\"name\":\"MOOVEM\",\"url\":\"https:\/\/wordpress2138105.home.pl\/leap_version\/en\/\",\"logo\":{\"@type\":\"ImageObject\",\"inLanguage\":\"pl-PL\",\"@id\":\"https:\/\/wordpress2138105.home.pl\/leap_version\/en\/#\/schema\/logo\/image\/\",\"url\":\"https:\/leap_version\/moovem695.e.wpstage.net\/wp-content\/uploads\/2021\/06\/logo_color-3.png\",\"contentUrl\":\"https:\/leap_version\/moovem695.e.wpstage.net\/wp-content\/uploads\/2021\/06\/logo_color-3.png\",\"width\":1218,\"height\":242,\"caption\":\"MOOVEM\"},\"image\":{\"@id\":\"https:\/\/wordpress2138105.home.pl\/leap_version\/en\/#\/schema\/logo\/image\/\"}}]}<\/script>\n<!-- \/ Yoast SEO plugin. -->","yoast_head_json":{"title":"Low-Code Platform - MOOVEM","robots":{"index":"index","follow":"follow","max-snippet":"max-snippet:-1","max-image-preview":"max-image-preview:large","max-video-preview":"max-video-preview:-1"},"canonical":"https:\/\/www.moovem.pl\/pl\/low-code-platform\/","og_locale":"pl_PL","og_type":"article","og_title":"Low-Code Platform - MOOVEM","og_url":"https:\/\/www.moovem.pl\/pl\/low-code-platform\/","og_site_name":"MOOVEM","article_modified_time":"2025-04-18T14:36:35+00:00","og_image":[{"url":"https:\/\/www.moovem.pl\/wp-content\/uploads\/2022\/05\/genexus-logo-300x96-1.png"}],"twitter_card":"summary_large_image","twitter_misc":{"Szacowany czas czytania":"4 minuty"},"schema":{"@context":"https:\/\/schema.org","@graph":[{"@type":"WebPage","@id":"https:\/\/www.moovem.pl\/low-code-platform\/","url":"https:\/\/www.moovem.pl\/low-code-platform\/","name":"Low-Code Platform - MOOVEM","isPartOf":{"@id":"https:\/\/wordpress2138105.home.pl\/leap_version\/en\/#website"},"datePublished":"2015-08-25T12:52:36+00:00","dateModified":"2025-04-18T14:36:35+00:00","breadcrumb":{"@id":"https:\/\/www.moovem.pl\/low-code-platform\/#breadcrumb"},"inLanguage":"pl-PL","potentialAction":[{"@type":"ReadAction","target":["https:\/\/www.moovem.pl\/low-code-platform\/"]}]},{"@type":"BreadcrumbList","@id":"https:\/\/www.moovem.pl\/low-code-platform\/#breadcrumb","itemListElement":[{"@type":"ListItem","position":1,"name":"Home","item":"https:\/\/www.moovem.pl\/"},{"@type":"ListItem","position":2,"name":"Low-Code Platform"}]},{"@type":"WebSite","@id":"https:\/\/wordpress2138105.home.pl\/leap_version\/en\/#website","url":"https:\/\/wordpress2138105.home.pl\/leap_version\/en\/","name":"MOOVEM","description":"Moovem sp. z o.o.","publisher":{"@id":"https:\/\/wordpress2138105.home.pl\/leap_version\/en\/#organization"},"potentialAction":[{"@type":"SearchAction","target":{"@type":"EntryPoint","urlTemplate":"https:\/\/wordpress2138105.home.pl\/leap_version\/en\/?s={search_term_string}"},"query-input":"required name=search_term_string"}],"inLanguage":"pl-PL"},{"@type":"Organization","@id":"https:\/\/wordpress2138105.home.pl\/leap_version\/en\/#organization","name":"MOOVEM","url":"https:\/\/wordpress2138105.home.pl\/leap_version\/en\/","logo":{"@type":"ImageObject","inLanguage":"pl-PL","@id":"https:\/\/wordpress2138105.home.pl\/leap_version\/en\/#\/schema\/logo\/image\/","url":"https:\/leap_version\/moovem695.e.wpstage.net\/wp-content\/uploads\/2021\/06\/logo_color-3.png","contentUrl":"https:\/leap_version\/moovem695.e.wpstage.net\/wp-content\/uploads\/2021\/06\/logo_color-3.png","width":1218,"height":242,"caption":"MOOVEM"},"image":{"@id":"https:\/\/wordpress2138105.home.pl\/leap_version\/en\/#\/schema\/logo\/image\/"}}]}},"_links":{"self":[{"href":"https:\/\/www.moovem.pl\/pl\/wp-json\/wp\/v2\/pages\/100","targetHints":{"allow":["GET"]}}],"collection":[{"href":"https:\/\/www.moovem.pl\/pl\/wp-json\/wp\/v2\/pages"}],"about":[{"href":"https:\/\/www.moovem.pl\/pl\/wp-json\/wp\/v2\/types\/page"}],"author":[{"embeddable":true,"href":"https:\/\/www.moovem.pl\/pl\/wp-json\/wp\/v2\/users\/2"}],"replies":[{"embeddable":true,"href":"https:\/\/www.moovem.pl\/pl\/wp-json\/wp\/v2\/comments?post=100"}],"version-history":[{"count":123,"href":"https:\/\/www.moovem.pl\/pl\/wp-json\/wp\/v2\/pages\/100\/revisions"}],"predecessor-version":[{"id":4790,"href":"https:\/\/www.moovem.pl\/pl\/wp-json\/wp\/v2\/pages\/100\/revisions\/4790"}],"wp:attachment":[{"href":"https:\/\/www.moovem.pl\/pl\/wp-json\/wp\/v2\/media?parent=100"}],"curies":[{"name":"wp","href":"https:\/\/api.w.org\/{rel}","templated":true}]}}