{"id":2446,"date":"2015-06-05T14:17:28","date_gmt":"2015-06-05T12:17:28","guid":{"rendered":"http:\/leap_version\/codeless.co\/tower\/default\/?page_id=2446"},"modified":"2024-02-23T13:37:58","modified_gmt":"2024-02-23T12:37:58","slug":"careers","status":"publish","type":"page","link":"https:\/\/www.moovem.pl\/pl\/careers\/","title":{"rendered":"Kariera"},"content":{"rendered":"<section class=\"wpb-content-wrapper\"><div id=\"fws_69f3d3c2e0fb5\" class=\"wpb_row  vc_row-fluid   row-dynamic-el section-style parallax_section\" style=\"background-repeat: no-repeat;  background-image: url(https:\/\/www.moovem.pl\/wp-content\/uploads\/2021\/06\/shutterstock_590104691-scaled-e1624920683383.jpg); background-position: 50% 0px; \"><div  style=\"position: absolute;top: 0;\"><\/div><div class=\"bg-overlay\" style=\"background:rgba(247,247,247,0.26);\"><\/div><div class=\"container animate_onoffset dark\"><div class=\"section_clear\">\n\t<div class=\"vc_col-sm-12 wpb_column column_container with_padding\" style=\"padding:\" data-animation=\"none\" data-delay=\"\">\n\t\t<div class=\"wpb_wrapper\">\n\t\t\t<div class=\"vc_empty_space\"   style=\"height: 64px\"><span class=\"vc_empty_space_inner\"><\/span><\/div><h1 style=\"color: #ffffff;line-height: 50px;text-align: center;font-family:Montserrat;font-weight:700;font-style:normal\" class=\"vc_custom_heading\" ><\/h1><h2 style=\"color: #ffffff;line-height: 50px;text-align: center;font-family:Montserrat;font-weight:400;font-style:normal\" class=\"vc_custom_heading\" ><\/h2><div class=\"vc_empty_space\"   style=\"height: 64px\"><span class=\"vc_empty_space_inner\"><\/span><\/div><div class=\"vc_empty_space\"   style=\"height: 64px\"><span class=\"vc_empty_space_inner\"><\/span><\/div><div class=\"vc_empty_space\"   style=\"height: 64px\"><span class=\"vc_empty_space_inner\"><\/span><\/div>\n\t\t<\/div> \n\t<\/div> \n<\/div><\/div><\/div><div id=\"fws_69f3d3c2e1c1a\" class=\"wpb_row  vc_row-fluid  animate_onoffset row-dynamic-el section-style\" style=\"padding-bottom: 0px ; \"><div  style=\"position: absolute;top: 0;\"><\/div><div class=\"container  dark\"><div class=\"section_clear\">\n\t<div class=\"vc_col-sm-6 wpb_column column_container with_padding\" style=\"padding:\" data-animation=\"none\" data-delay=\"\">\n\t\t<div class=\"wpb_wrapper\">\n\t\t\t<h2 style=\"line-height: 50px;text-align: left;font-family:Raleway;font-weight:600;font-style:normal\" class=\"vc_custom_heading\" >Do\u0142\u0105cz do nas !<\/h2>\n\t<div class=\"wpb_text_column wpb_content_element\">\n\t\t<div class=\"wpb_wrapper\">\n\t\t\t<p>Z pasj\u0105 wyszukujemy i szkolimy talenty - jeste\u015bmy mocno zaanga\u017cowani w promocj\u0119 r\u00f3\u017cnorodno\u015b\u0107, walk\u0119 z wykluczeniami i integracj\u0119 spo\u0142eczn\u0105.<\/p>\n<p>Stawiamy na ludzi i rozw\u00f3j ich umiej\u0119tno\u015bci, staraj\u0105c si\u0119 pobudzi\u0107 to, co w nich najlepsze - rzucimy Ci\u0119 pewnie na g\u0142\u0119bok\u0105 wod\u0119, ale nie b\u00f3j si\u0119 - w razie potrzeby zapewnimy ratownika.<\/p>\n<p>Zachowamy r\u00f3wnowag\u0119 mi\u0119dzy Twoim \u017cyciem a prac\u0105 - wiemy, jak jest to wa\u017cne. Zadbamy r\u00f3wnie\u017c o Tw\u00f3j rozw\u00f3j i przyjazn\u0105 atmosfer\u0119 - chcemy, aby\u015b czu\u0142 si\u0119 u nas jak w domu.<\/p>\n<p style=\"text-align: center;\"><strong>Wi\u0119kszo\u015b\u0107 z naszych miejsc pracy jest zdalna na zawsze!<\/strong><\/p>\n\n\t\t<\/div> \n\t<\/div> <h3 style=\"font-size: 16px;line-height: 50px;text-align: left;font-family:Raleway;font-weight:600;font-style:normal\" class=\"vc_custom_heading\" >Kogo szukamy?<\/h3>\n\t<div class=\"wpb_text_column wpb_content_element\">\n\t\t<div class=\"wpb_wrapper\">\n\t\t\t<p>Niezale\u017cnie od tego, czy jeste\u015b senior developerem, czy junior developerem i czy aktualnie prowadzimy rekrutacj\u0119 na dane stanowisko, czy mo\u017ce chcesz rozwija\u0107 si\u0119 jako analityk\/programista low-code - jeste\u015bmy otwarci na spotkanie z Tob\u0105 i wsp\u00f3lne zastanowienie si\u0119, jak mo\u017cesz do\u0142\u0105czy\u0107 do naszych projekt\u00f3w i realizowa\u0107 swoje pasje.<\/p>\n\n\t\t<\/div> \n\t<\/div> <h3 style=\"font-size: 16px;line-height: 50px;text-align: left;font-family:Raleway;font-weight:600;font-style:normal\" class=\"vc_custom_heading\" >Otwarte stanowiska:<\/h3><div class=\"wpb_content_element list only_icon\" style=\"\"><ul data-icon=\"moon-checkmark\" >\n\t\t\t\t<li class=\"titledesc\"><dl class=\"dl-horizontal\"><dt><span class=\"circle\"><i class=\"\"><\/i><\/span><\/dt><dd><h6>Microsoft D365 F&amp;O Consultant<\/h6><p>Minimum 2 lat do\u015bwiadczenia w roli konsultanta funkcjonalnego w zakresie Microsoft Dynamics 365 F&amp;O.<\/p><\/dd><\/dl><\/li><li class=\"titledesc\"><dl class=\"dl-horizontal\"><dt><span class=\"circle\"><i class=\"\"><\/i><\/span><\/dt><dd><h6>Microsoft D365 F&amp;O Project Manager<\/h6><p>Minimum 4 lata do\u015bwiadczenia w zarz\u0105dzaniu projektami wdra\u017cania system\u00f3w klasy ERP - do\u015bwiadczenie w zarz\u0105dzaniu projektem wdro\u017cenia systemu Microsoft D365 F&amp;O.<\/p><\/dd><\/dl><\/li><li class=\"titledesc\"><dl class=\"dl-horizontal\"><dt><span class=\"circle\"><i class=\"\"><\/i><\/span><\/dt><dd><h6>Test Automation Consultant<\/h6><p>Nie wymagamy znajomo\u015bci \u017cadnych j\u0119zyk\u00f3w programowania, oczekujemy minimum rocznego do\u015bwiadczenia w testowaniu manualnym lub automatycznym aplikacji klasy Enterprise lub zaawansowanych portali us\u0142ugowych.<\/p><\/dd><\/dl><\/li><\/ul><\/div><div class=\"codeless_separator\"><span class=\"separator\" style=\" width:40px;  height:32px;  background:#ffffff;  margin-top:0px;  margin-bottom:0px;  float:left; \"><\/span><\/div>\n\t\t<\/div> \n\t<\/div> \n\n\t<div class=\"vc_col-sm-6 wpb_column column_container with_padding vc_custom_1433518151210  vc_custom_1433518151210\" style=\"padding:\" data-animation=\"none\" data-delay=\"\">\n\t\t<div class=\"wpb_wrapper\">\n\t\t\t<h2 style=\"line-height: 55px;text-align: left;font-family:Raleway;font-weight:600;font-style:normal\" class=\"vc_custom_heading\" >Job Apply<\/h2>\n<div class=\"wpcf7 no-js\" id=\"wpcf7-f4107-o1\" lang=\"en-US\" dir=\"ltr\">\n<div class=\"screen-reader-response\"><p role=\"status\" aria-live=\"polite\" aria-atomic=\"true\"><\/p> <ul><\/ul><\/div>\n<form action=\"\/pl\/wp-json\/wp\/v2\/pages\/2446#wpcf7-f4107-o1\" method=\"post\" class=\"wpcf7-form init wpcf7-acceptance-as-validation\" aria-label=\"Contact form\" enctype=\"multipart\/form-data\" novalidate=\"novalidate\" data-status=\"init\" data-trp-original-action=\"\/pl\/wp-json\/wp\/v2\/pages\/2446#wpcf7-f4107-o1\">\n<div style=\"display: none;\">\n<input type=\"hidden\" name=\"_wpcf7\" value=\"4107\" \/>\n<input type=\"hidden\" name=\"_wpcf7_version\" value=\"5.8.7\" \/>\n<input type=\"hidden\" name=\"_wpcf7_locale\" value=\"en_US\" \/>\n<input type=\"hidden\" name=\"_wpcf7_unit_tag\" value=\"wpcf7-f4107-o1\" \/>\n<input type=\"hidden\" name=\"_wpcf7_container_post\" value=\"0\" \/>\n<input type=\"hidden\" name=\"_wpcf7_posted_data_hash\" value=\"\" \/>\n<\/div>\n<div class=\"formWrapper\">\n\t<p><label> Twoje imi\u0119 i nazwisko<br \/>\n<span class=\"wpcf7-form-control-wrap\" data-name=\"your-name\"><input size=\"40\" class=\"wpcf7-form-control wpcf7-text wpcf7-validates-as-required\" aria-required=\"true\" aria-invalid=\"false\" value=\"\" type=\"text\" name=\"your-name\" \/><\/span> <\/label>\n\t<\/p>\n\t<p><label>Tw\u00f3j e-mail<br \/>\n<span class=\"wpcf7-form-control-wrap\" data-name=\"your-email\"><input size=\"40\" class=\"wpcf7-form-control wpcf7-email wpcf7-validates-as-required wpcf7-text wpcf7-validates-as-email\" aria-required=\"true\" aria-invalid=\"false\" value=\"\" type=\"email\" name=\"your-email\" \/><\/span> <\/label>\n\t<\/p>\n\t<p><label> Stanowisko, o kt\u00f3re si\u0119 ubiegasz<br \/>\n<span class=\"wpcf7-form-control-wrap\" data-name=\"your-subject\"><input size=\"40\" class=\"wpcf7-form-control wpcf7-text wpcf7-validates-as-required\" aria-required=\"true\" aria-invalid=\"false\" value=\"\" type=\"text\" name=\"your-subject\" \/><\/span> <\/label>\n\t<\/p>\n\t<p><label> Wiadomo\u015b\u0107<br \/>\n<span class=\"wpcf7-form-control-wrap\" data-name=\"your-message\"><textarea cols=\"40\" rows=\"10\" class=\"wpcf7-form-control wpcf7-textarea\" aria-invalid=\"false\" name=\"your-message\"><\/textarea><\/span> <\/label>\n\t<\/p>\n\t<p><label> Za\u0142\u0105cz plik CV (dozwolone s\u0105 tylko pliki pdf)<br \/>\n<span class=\"wpcf7-form-control-wrap\" data-name=\"file-489\"><input size=\"40\" class=\"wpcf7-form-control wpcf7-file wpcf7-validates-as-required\" accept=\".pdf\" aria-required=\"true\" aria-invalid=\"false\" type=\"file\" name=\"file-489\" \/><\/span> <\/label>\n\t<\/p>\n\t<p><label> Za\u0142\u0105cz plik CV (dozwolone s\u0105 tylko pliki pdf)<br \/>\n<span class=\"wpcf7-form-control-wrap\" data-name=\"file-490\"><input size=\"40\" class=\"wpcf7-form-control wpcf7-file\" accept=\".pdf\" aria-invalid=\"false\" type=\"file\" name=\"file-490\" \/><\/span> <\/label>\n\t<\/p>\n\t<p><span class=\"wpcf7-form-control-wrap\" data-name=\"acceptance-325\"><span class=\"wpcf7-form-control wpcf7-acceptance\"><span class=\"wpcf7-list-item\"><label><input type=\"checkbox\" name=\"acceptance-325\" value=\"1\" aria-invalid=\"false\" \/><span class=\"wpcf7-list-item-label\">I understand and accept that by sending a message via this form, I consent to the processing of my personal data. More information on data processing can be found in our Privacy Policy and Recruitment Privacy Policy.<br> <br> Uprzejmie informujemy, \u017ce skontaktujemy si\u0119 tylko z wybranymi kandydatami.<br> <br> W dokumentach aplikacyjnych prosimy o dopisanie nast\u0119puj\u0105cej klauzuli:<br>\"Wyra\u017cam zgod\u0119 na przetwarzanie moich danych osobowych zawartych w mojej ofercie pracy dla potrzeb niezb\u0119dnych do realizacji procesu rekrutacji\" <br><br> <a href=\"https:\/\/www.moovem.pl\/pl\/privacy-policy\/\"> Zobacz Polityk\u0119 Prywatno\u015bci GDPR <\/a> <br><br> <a href=\"https:\/\/www.moovem.pl\/pl\/recruitment-privacy-policy\/\"> Zobacz Polityk\u0119 Prywatno\u015bci GDPR dla danych rekrutacyjnych <\/a><\/span><\/label><\/span><\/span><\/span>\n\t<\/p>\n\t<p><input class=\"wpcf7-form-control wpcf7-submit has-spinner\" type=\"submit\" value=\"Aplikuj\" \/>\n\t<\/p>\n<\/div><p style=\"display: none !important;\" class=\"akismet-fields-container\" data-prefix=\"_wpcf7_ak_\"><label>&#916;<textarea name=\"_wpcf7_ak_hp_textarea\" cols=\"45\" rows=\"8\" maxlength=\"100\"><\/textarea><\/label><input type=\"hidden\" id=\"ak_js_1\" name=\"_wpcf7_ak_js\" value=\"170\"\/><script>document.getElementById( \"ak_js_1\" ).setAttribute( \"value\", ( new Date() ).getTime() );<\/script><\/p><div class=\"wpcf7-response-output\" aria-hidden=\"true\"><\/div>\n<input type=\"hidden\" name=\"trp-form-language\" value=\"pl\"\/><\/form>\n<\/div>\n\n\t\t<\/div> \n\t<\/div> \n\n\t<div class=\"vc_col-sm-12 wpb_column column_container with_padding\" style=\"padding:\" data-animation=\"none\" data-delay=\"\">\n\t\t<div class=\"wpb_wrapper\">\n\t\t\t\n\t\t<\/div> \n\t<\/div> \n<\/div><\/div><\/div><div id=\"fws_69f3d3c2e3a0e\" class=\"wpb_row  vc_row-fluid  animate_onoffset row-dynamic-el standard_section\" style=\"\"><div  style=\"position: absolute;top: 0;\"><\/div><div class=\"container  dark\"><div class=\"section_clear\">\n\t<div class=\"vc_col-sm-12 wpb_column column_container with_padding\" style=\"padding:\" data-animation=\"none\" data-delay=\"\">\n\t\t<div class=\"wpb_wrapper\">\n\t\t\t\n\t<div class=\"wpb_text_column wpb_content_element\">\n\t\t<div class=\"wpb_wrapper\">\n\t\t\t<h4 style=\"text-align: center;\">Aby aplikowa\u0107 mo\u017cesz skorzysta\u0107 z formularza aplikacyjnego lub po prostu wys\u0142a\u0107 do nas e-mail zawieraj\u0105cy Twoje CV.<\/h4>\n\n\t\t<\/div> \n\t<\/div> <div class=\"vc_btn3-container vc_btn3-center\" ><a class=\"vc_general vc_btn3 vc_btn3-size-md vc_btn3-shape-round vc_btn3-style-modern vc_btn3-color-orange\" href=\"mailto:job@moovem.pro\" title=\"\">Wy\u015blij CV e-mailem<\/a><\/div><div class=\"vc_empty_space\"   style=\"height: 32px\"><span class=\"vc_empty_space_inner\"><\/span><\/div>\n\t\t<\/div> \n\t<\/div> \n<\/div><\/div><\/div>\n<\/section>","protected":false},"excerpt":{"rendered":"Join Us ! We are passionate about searching for and training talents; we have a strong commitment with diversity and inclusion. We take a chance on people and the development of their skills, seeking to boost the best in them \u2013 we will throw you into deep water probably, but do not warry - we [...]","protected":false},"author":2,"featured_media":0,"parent":0,"menu_order":0,"comment_status":"open","ping_status":"closed","template":"","meta":{"footnotes":""},"class_list":["post-2446","page","type-page","status-publish","hentry"],"yoast_head":"<!-- This site is optimized with the Yoast SEO plugin v22.1 - https:\/\/yoast.com\/wordpress\/plugins\/seo\/ -->\n<title>Careers - MOOVEM<\/title>\n<meta name=\"robots\" content=\"index, follow, max-snippet:-1, max-image-preview:large, max-video-preview:-1\" \/>\n<link rel=\"canonical\" href=\"https:\/\/www.moovem.pl\/pl\/careers\/\" \/>\n<meta property=\"og:locale\" content=\"pl_PL\" \/>\n<meta property=\"og:type\" content=\"article\" \/>\n<meta property=\"og:title\" content=\"Careers - MOOVEM\" \/>\n<meta property=\"og:url\" content=\"https:\/\/www.moovem.pl\/pl\/careers\/\" \/>\n<meta property=\"og:site_name\" content=\"MOOVEM\" \/>\n<meta property=\"article:modified_time\" content=\"2024-02-23T12:37:58+00:00\" \/>\n<meta name=\"twitter:card\" content=\"summary_large_image\" \/>\n<meta name=\"twitter:label1\" content=\"Szacowany czas czytania\" \/>\n\t<meta name=\"twitter:data1\" content=\"2 minuty\" \/>\n<script type=\"application\/ld+json\" class=\"yoast-schema-graph\">{\"@context\":\"https:\/\/schema.org\",\"@graph\":[{\"@type\":\"WebPage\",\"@id\":\"https:\/\/www.moovem.pl\/careers\/\",\"url\":\"https:\/\/www.moovem.pl\/careers\/\",\"name\":\"Careers - MOOVEM\",\"isPartOf\":{\"@id\":\"https:\/\/wordpress2138105.home.pl\/leap_version\/en\/#website\"},\"datePublished\":\"2015-06-05T12:17:28+00:00\",\"dateModified\":\"2024-02-23T12:37:58+00:00\",\"breadcrumb\":{\"@id\":\"https:\/\/www.moovem.pl\/careers\/#breadcrumb\"},\"inLanguage\":\"pl-PL\",\"potentialAction\":[{\"@type\":\"ReadAction\",\"target\":[\"https:\/\/www.moovem.pl\/careers\/\"]}]},{\"@type\":\"BreadcrumbList\",\"@id\":\"https:\/\/www.moovem.pl\/careers\/#breadcrumb\",\"itemListElement\":[{\"@type\":\"ListItem\",\"position\":1,\"name\":\"Home\",\"item\":\"https:\/\/www.moovem.pl\/\"},{\"@type\":\"ListItem\",\"position\":2,\"name\":\"Careers\"}]},{\"@type\":\"WebSite\",\"@id\":\"https:\/\/wordpress2138105.home.pl\/leap_version\/en\/#website\",\"url\":\"https:\/\/wordpress2138105.home.pl\/leap_version\/en\/\",\"name\":\"MOOVEM\",\"description\":\"Moovem sp. z o.o.\",\"publisher\":{\"@id\":\"https:\/\/wordpress2138105.home.pl\/leap_version\/en\/#organization\"},\"potentialAction\":[{\"@type\":\"SearchAction\",\"target\":{\"@type\":\"EntryPoint\",\"urlTemplate\":\"https:\/\/wordpress2138105.home.pl\/leap_version\/en\/?s={search_term_string}\"},\"query-input\":\"required name=search_term_string\"}],\"inLanguage\":\"pl-PL\"},{\"@type\":\"Organization\",\"@id\":\"https:\/\/wordpress2138105.home.pl\/leap_version\/en\/#organization\",\"name\":\"MOOVEM\",\"url\":\"https:\/\/wordpress2138105.home.pl\/leap_version\/en\/\",\"logo\":{\"@type\":\"ImageObject\",\"inLanguage\":\"pl-PL\",\"@id\":\"https:\/\/wordpress2138105.home.pl\/leap_version\/en\/#\/schema\/logo\/image\/\",\"url\":\"https:\/leap_version\/moovem695.e.wpstage.net\/wp-content\/uploads\/2021\/06\/logo_color-3.png\",\"contentUrl\":\"https:\/leap_version\/moovem695.e.wpstage.net\/wp-content\/uploads\/2021\/06\/logo_color-3.png\",\"width\":1218,\"height\":242,\"caption\":\"MOOVEM\"},\"image\":{\"@id\":\"https:\/\/wordpress2138105.home.pl\/leap_version\/en\/#\/schema\/logo\/image\/\"}}]}<\/script>\n<!-- \/ Yoast SEO plugin. -->","yoast_head_json":{"title":"Careers - MOOVEM","robots":{"index":"index","follow":"follow","max-snippet":"max-snippet:-1","max-image-preview":"max-image-preview:large","max-video-preview":"max-video-preview:-1"},"canonical":"https:\/\/www.moovem.pl\/pl\/careers\/","og_locale":"pl_PL","og_type":"article","og_title":"Careers - MOOVEM","og_url":"https:\/\/www.moovem.pl\/pl\/careers\/","og_site_name":"MOOVEM","article_modified_time":"2024-02-23T12:37:58+00:00","twitter_card":"summary_large_image","twitter_misc":{"Szacowany czas czytania":"2 minuty"},"schema":{"@context":"https:\/\/schema.org","@graph":[{"@type":"WebPage","@id":"https:\/\/www.moovem.pl\/careers\/","url":"https:\/\/www.moovem.pl\/careers\/","name":"Careers - MOOVEM","isPartOf":{"@id":"https:\/\/wordpress2138105.home.pl\/leap_version\/en\/#website"},"datePublished":"2015-06-05T12:17:28+00:00","dateModified":"2024-02-23T12:37:58+00:00","breadcrumb":{"@id":"https:\/\/www.moovem.pl\/careers\/#breadcrumb"},"inLanguage":"pl-PL","potentialAction":[{"@type":"ReadAction","target":["https:\/\/www.moovem.pl\/careers\/"]}]},{"@type":"BreadcrumbList","@id":"https:\/\/www.moovem.pl\/careers\/#breadcrumb","itemListElement":[{"@type":"ListItem","position":1,"name":"Home","item":"https:\/\/www.moovem.pl\/"},{"@type":"ListItem","position":2,"name":"Careers"}]},{"@type":"WebSite","@id":"https:\/\/wordpress2138105.home.pl\/leap_version\/en\/#website","url":"https:\/\/wordpress2138105.home.pl\/leap_version\/en\/","name":"MOOVEM","description":"Moovem sp. z o.o.","publisher":{"@id":"https:\/\/wordpress2138105.home.pl\/leap_version\/en\/#organization"},"potentialAction":[{"@type":"SearchAction","target":{"@type":"EntryPoint","urlTemplate":"https:\/\/wordpress2138105.home.pl\/leap_version\/en\/?s={search_term_string}"},"query-input":"required name=search_term_string"}],"inLanguage":"pl-PL"},{"@type":"Organization","@id":"https:\/\/wordpress2138105.home.pl\/leap_version\/en\/#organization","name":"MOOVEM","url":"https:\/\/wordpress2138105.home.pl\/leap_version\/en\/","logo":{"@type":"ImageObject","inLanguage":"pl-PL","@id":"https:\/\/wordpress2138105.home.pl\/leap_version\/en\/#\/schema\/logo\/image\/","url":"https:\/leap_version\/moovem695.e.wpstage.net\/wp-content\/uploads\/2021\/06\/logo_color-3.png","contentUrl":"https:\/leap_version\/moovem695.e.wpstage.net\/wp-content\/uploads\/2021\/06\/logo_color-3.png","width":1218,"height":242,"caption":"MOOVEM"},"image":{"@id":"https:\/\/wordpress2138105.home.pl\/leap_version\/en\/#\/schema\/logo\/image\/"}}]}},"_links":{"self":[{"href":"https:\/\/www.moovem.pl\/pl\/wp-json\/wp\/v2\/pages\/2446","targetHints":{"allow":["GET"]}}],"collection":[{"href":"https:\/\/www.moovem.pl\/pl\/wp-json\/wp\/v2\/pages"}],"about":[{"href":"https:\/\/www.moovem.pl\/pl\/wp-json\/wp\/v2\/types\/page"}],"author":[{"embeddable":true,"href":"https:\/\/www.moovem.pl\/pl\/wp-json\/wp\/v2\/users\/2"}],"replies":[{"embeddable":true,"href":"https:\/\/www.moovem.pl\/pl\/wp-json\/wp\/v2\/comments?post=2446"}],"version-history":[{"count":42,"href":"https:\/\/www.moovem.pl\/pl\/wp-json\/wp\/v2\/pages\/2446\/revisions"}],"predecessor-version":[{"id":4825,"href":"https:\/\/www.moovem.pl\/pl\/wp-json\/wp\/v2\/pages\/2446\/revisions\/4825"}],"wp:attachment":[{"href":"https:\/\/www.moovem.pl\/pl\/wp-json\/wp\/v2\/media?parent=2446"}],"curies":[{"name":"wp","href":"https:\/\/api.w.org\/{rel}","templated":true}]}}