{"id":3419,"date":"2021-06-13T23:21:59","date_gmt":"2021-06-13T21:21:59","guid":{"rendered":"http:\/leap_version\/wordpress2138105.home.pl\/TEST_PA\/FT\/?page_id=3419"},"modified":"2025-04-18T18:06:57","modified_gmt":"2025-04-18T16:06:57","slug":"home-duplicate","status":"publish","type":"page","link":"https:\/\/www.moovem.pl\/pl\/","title":{"rendered":"STRONA G\u0141\u00d3WNA"},"content":{"rendered":"<section class=\"wpb-content-wrapper\"><div id=\"fws_69ff2729aa95c\" class=\"wpb_row  vc_row-fluid   row-dynamic-el section-style parallax_section\" style=\"background-repeat: no-repeat;  background-image: url(https:\/\/www.moovem.pl\/wp-content\/uploads\/2021\/06\/shutterstock_554138878-scaled.jpg); background-position: 50% 0px; \"><div  style=\"position: absolute;top: 0;\"><\/div><div class=\"bg-overlay\" style=\"background:rgba(255,255,255,0.93);\"><\/div><div class=\"container animate_onoffset dark\"><div class=\"section_clear\">\n\t<div class=\"vc_col-sm-12 wpb_column column_container with_padding\" style=\"padding:\" data-animation=\"none\" data-delay=\"\">\n\t\t<div class=\"wpb_wrapper\">\n\t\t\t\n\t<div class=\"wpb_text_column wpb_content_element\">\n\t\t<div class=\"wpb_wrapper\">\n\t\t\t<div data-post-id=\"4564\" class=\"insert-page insert-page-4564\"><style type=\"text\/css\" data-type=\"vc_custom-css\">.codeless_slider .swiper-slide h1{\r\n    border-top:2px solid #fff;\r\n    border-bottom:2px solid #fff;\r\n    margin-top:20px;\r\n}\r\n.codeless_slider .swiper-slide p{font-style:italic;}<\/style><style type=\"text\/css\" data-type=\"vc_shortcodes-custom-css\">.vc_custom_1744993040433{margin-right: 40px !important;margin-left: 40px !important;border-right-width: 40px !important;border-left-width: 40px !important;padding-right: 40px !important;padding-left: 40px !important;}<\/style><section class=\"wpb-content-wrapper\"><div id=\"fws_69ff2729ab084\" class=\"wpb_row  vc_row-fluid   row-dynamic-el section-style parallax_section\" style=\"background-repeat: no-repeat;  background-image: url(https:\/\/www.moovem.pl\/wp-content\/uploads\/2021\/06\/shutterstock_554138878-scaled.jpg); background-position: 50% 0px; \"><div  style=\"position: absolute;top: 0;\"><\/div><div class=\"bg-overlay\" style=\"background:rgba(255,255,255,0.93);\"><\/div><div class=\"container animate_onoffset dark\"><div class=\"section_clear\">\n\t<div class=\"vc_col-sm-12 wpb_column column_container with_padding\" style=\"padding:\" data-animation=\"none\" data-delay=\"\">\n\t\t<div class=\"wpb_wrapper\">\n\t\t\t<h2 style=\"font-size: 14px;color: #e5af5a;line-height: 20px;text-align: center;font-family:Merriweather;font-weight:400;font-style:italic\" class=\"vc_custom_heading\" >Jeste\u015bmy dumni z tego<\/h2><div class=\"wpb_content_element block_title section_title inner-small_border\"><h1>CO ROBIMY<\/h1><span class=\"divider\"><\/span><\/div>\n\t<div class=\"wpb_text_column wpb_content_element\">\n\t\t<div class=\"wpb_wrapper\">\n\t\t\t<h3 class=\"p1\" style=\"text-align: center;\">Wdra\u017camy i dostarczamy rozwi\u0105zania IT, kt\u00f3re przyspieszaj\u0105 transformacj\u0119 cyfrow\u0105, \u0142\u0105cz\u0105c tradycyjne metody realizacji z silnym zarz\u0105dzaniem jako\u015bci\u0105 i inteligentn\u0105 automatyzacj\u0105 test\u00f3w opart\u0105 na technologiach no-code \/ low-code.<\/h3>\n\n\t\t<\/div> \n\t<\/div> <div class=\"vc_row wpb_row vc_inner vc_row-fluid\"><div class=\"wpb_column vc_column_container vc_col-sm-6\"><div class=\"vc_column-inner\"><div class=\"wpb_wrapper\"><div class=\"services_large wpb_content_element\"><div class=\"icon_wrapper\"><span class=\"top\"><\/span><span class=\"left\"><\/span><span class=\"right\"><\/span><span class=\"bottom\"><\/span><i class=\"moon-user-7\"><\/i><\/div><h4><a href=\"https:\/\/www.moovem.pl\/pl\/advisory\/\">Doradztwo i konsulting<\/a><\/h4><p><\/p>\n<p style=\"text-align: center;\">Wspieramy organizacje w transformacji cyfrowej, prowadz\u0105c kompleksowe projekty z wykorzystaniem technologii. Zarz\u0105dzamy wdro\u017ceniami <strong>Dynamics 365 F&amp;O<\/strong> oraz doradzamy w optymalizacji wykorzystania licencji globalnych rozwi\u0105za\u0144 (np. Oracle).<\/p>\n<p><!--more--><\/p><\/div><\/div><\/div><\/div><div class=\"wpb_column vc_column_container vc_col-sm-6\"><div class=\"vc_column-inner\"><div class=\"wpb_wrapper\"><div class=\"services_large wpb_content_element\"><div class=\"icon_wrapper\"><span class=\"top\"><\/span><span class=\"left\"><\/span><span class=\"right\"><\/span><span class=\"bottom\"><\/span><i class=\"moon-cogs\"><\/i><\/div><h4><a href=\"https:\/\/www.moovem.pl\/pl\/test-automation\/\">Automatyzacja test\u00f3w<\/a><\/h4><p><\/p>\n<p style=\"text-align: center;\">Oferujemy profesjonalne us\u0142ugi przyspieszaj\u0105ce tworzenie automatyzacji test\u00f3w dla dowolnych technologii aplikacyjnych. Korzystamy z nowoczesnych narz\u0119dzi <strong>No-Code,<\/strong> kt\u00f3re umo\u017cliwiaj\u0105 naszym klientom \u0142atwe, szybkie i efektywne tworzenie oraz utrzymanie test\u00f3w automatycznych.<br \/>\n<!--more--><\/p>\n<p><\/p><\/div><\/div><\/div><\/div><\/div><div class=\"vc_row wpb_row vc_inner vc_row-fluid\"><div class=\"wpb_column vc_column_container vc_col-sm-6\"><div class=\"vc_column-inner\"><div class=\"wpb_wrapper\"><div class=\"services_large wpb_content_element\"><div class=\"icon_wrapper\"><span class=\"top\"><\/span><span class=\"left\"><\/span><span class=\"right\"><\/span><span class=\"bottom\"><\/span><i class=\"steadysets-icon-phone-portrait\"><\/i><\/div><h4><a href=\"https:\/\/www.moovem.pl\/pl\/software-services\/\">Rozw\u00f3j oprogramowania i outsourcing<\/a><\/h4><p><\/p>\n<p style=\"text-align: center;\">Nasz zesp\u00f3\u0142 tworzy stabilne i nowoczesne rozwi\u0105zania technologiczne, wykorzystuj\u0105c szeroki wachlarz narz\u0119dzi i technologii. Tam, gdzie to mo\u017cliwe, stosujemy podej\u015bcie low-code, by przyspieszy\u0107 wdro\u017cenia. Mo\u017cemy zrealizowa\u0107 ca\u0142y cykl rozwoju oprogramowania lub udost\u0119pni\u0107 Ci dedykowany zesp\u00f3\u0142 b\u0105d\u017a specjalist\u00f3w.<\/p>\n<p><\/p><\/div><\/div><\/div><\/div><div class=\"wpb_column vc_column_container vc_col-sm-6\"><div class=\"vc_column-inner\"><div class=\"wpb_wrapper\"><div class=\"services_large wpb_content_element\"><div class=\"icon_wrapper\"><span class=\"top\"><\/span><span class=\"left\"><\/span><span class=\"right\"><\/span><span class=\"bottom\"><\/span><i class=\"linecon-icon-data\"><\/i><\/div><h4><a href=\"https:\/\/www.moovem.pl\/pl\/partners\/\">Data governance &amp; compliance<\/a><\/h4><p><\/p>\n<p style=\"text-align: center;\">Pomagamy naszym klientom uwolni\u0107 potencja\u0142 tkwi\u0105cy w danych. Nasze narz\u0119dzia oparte na sztucznej inteligencji usprawniaj\u0105 zarz\u0105dzanie du\u017cymi zbiorami danych podnosz\u0105c ich sp\u00f3jno\u015b\u0107, jako\u015b\u0107 oraz dost\u0119pno\u015b\u0107.<\/p>\n<p style=\"text-align: center;\">Dostarczamy narz\u0119dzia zapewniaj\u0105ce zgodno\u015b\u0107 z przepisami GDPR\/RODO.<\/p>\n<p><\/p><\/div><\/div><\/div><\/div><\/div>\n\t\t<\/div> \n\t<\/div> \n<\/div><\/div><\/div>\n<\/section><\/div>\n\n\t\t<\/div> \n\t<\/div> \n\t\t<\/div> \n\t<\/div> \n<\/div><\/div><\/div><div id=\"fws_69ff2729abee3\" class=\"wpb_row  vc_row-fluid   row-dynamic-el full-width-content section-style parallax_section\" style=\"background-repeat: no-repeat; background-color: #222222;  background-image: url(https:\/\/www.moovem.pl\/wp-content\/uploads\/2021\/06\/ian-schneider-TamMbr4okv4-unsplash-scaled.jpg); background-position: 50% 0px; \"><div  style=\"position: absolute;top: 0;\"><\/div><div class=\"bg-overlay\" style=\"background:rgba(37,37,37,0.82);\"><\/div><div class=\"col span_12 animate_onoffset light\">\n\t<div class=\"vc_col-sm-12 wpb_column column_container with_padding\" style=\"padding:\" data-animation=\"none\" data-delay=\"\">\n\t\t<div class=\"wpb_wrapper\">\n\t\t\t<div class=\"vc_empty_space\"   style=\"height: 32px\"><span class=\"vc_empty_space_inner\"><\/span><\/div><h2 style=\"font-size: 14px;color: #e5af5a;line-height: 20px;text-align: center;font-family:Merriweather;font-weight:400;font-style:italic\" class=\"vc_custom_heading\" >Nasz<\/h2><div class=\"wpb_content_element block_title section_title inner-small_border\"><h1>ZESP\u00d3\u0141 ZARZ\u0104DZAJ\u0104CY<\/h1><span class=\"divider\"><\/span><\/div>\n\t<div class=\"wpb_text_column wpb_content_element\">\n\t\t<div class=\"wpb_wrapper\">\n\t\t\t<h5 style=\"text-align: center;\">Posiadamy bogate do\u015bwiadczenie w sprzeda\u017cy, rozwoju i wdra\u017caniu oprogramowania dla przedsi\u0119biorstw oraz realizacji kompleksowych projekt\u00f3w i program\u00f3w transformacyjnych z wykorzystaniem technologii informatycznych.<\/h5>\n<h3 style=\"text-align: center;\"><\/h3>\n\n\t\t<\/div> \n\t<\/div> \n\t<div class=\"wpb_text_column wpb_content_element\">\n\t\t<div class=\"wpb_wrapper\">\n\t\t\t\n\t\t<\/div> \n\t<\/div> <div class=\"vc_row wpb_row vc_inner vc_row-fluid\"><div class=\"wpb_column vc_column_container vc_col-sm-3\"><div class=\"vc_column-inner\"><div class=\"wpb_wrapper\"><\/div><\/div><\/div><div class=\"wpb_column vc_column_container vc_col-sm-3\"><div class=\"vc_column-inner\"><div class=\"wpb_wrapper\"><div class=\"wpb_content_element media media_el animate_onoffset margin_normal\"><img decoding=\"async\" src=\"https:\/\/www.moovem.pl\/wp-content\/uploads\/2021\/06\/IMG_9940-Edit-scaled.jpg\" alt=\"\" class=\"type_image media_animation animation_right alignment_center\" style=\"width:250px;position:relative; left:50%; margin-left:-125px;\"  \/><\/div><h2 style=\"font-size: 14px;color: #ffffff;line-height: 20px;text-align: center;font-family:Montserrat;font-weight:400;font-style:normal\" class=\"vc_custom_heading\" ><a href=\"mailto:piotr.augustynowicz@moovem.pro\">Piotr Augustynowicz<\/a><\/h2><h2 style=\"font-size: 14px;color: #e5af5a;line-height: 20px;text-align: center;font-family:Montserrat;font-weight:400;font-style:normal\" class=\"vc_custom_heading\" >CEO | Co-Founder<\/h2><\/div><\/div><\/div><div class=\"wpb_column vc_column_container vc_col-sm-3\"><div class=\"vc_column-inner\"><div class=\"wpb_wrapper\"><div class=\"wpb_content_element media media_el animate_onoffset margin_normal\"><img decoding=\"async\" src=\"https:\/\/www.moovem.pl\/wp-content\/uploads\/2021\/06\/IMG_0291-Edit-scaled.jpg\" alt=\"\" class=\"type_image media_animation animation_left alignment_center\" style=\"width:250px;position:relative; left:50%; margin-left:-125px;\"  \/><\/div><h2 style=\"font-size: 14px;color: #ffffff;line-height: 20px;text-align: center;font-family:Montserrat;font-weight:400;font-style:normal\" class=\"vc_custom_heading\" ><a href=\"mailto:piotr.kasak@moovem.pro\">Piotr Kasak<\/a><\/h2><h2 style=\"font-size: 14px;color: #e5af5a;line-height: 20px;text-align: center;font-family:Montserrat;font-weight:400;font-style:normal\" class=\"vc_custom_heading\" >COO | Co-Founder<\/h2><\/div><\/div><\/div><div class=\"wpb_column vc_column_container vc_col-sm-3\"><div class=\"vc_column-inner\"><div class=\"wpb_wrapper\"><\/div><\/div><\/div><\/div><div class=\"vc_empty_space\"   style=\"height: 32px\"><span class=\"vc_empty_space_inner\"><\/span><\/div>\n\t\t<\/div> \n\t<\/div> \n<\/div><\/div><div id=\"fws_69ff2729acc36\" class=\"wpb_row  vc_row-fluid   row-dynamic-el section-style parallax_section\" style=\"background-repeat: no-repeat; padding-top: 60px ; padding-bottom: 60px ;  background-image: url(https:\/\/www.moovem.pl\/wp-content\/uploads\/2021\/06\/luis-villasmil-4V8uMZx8FYA-unsplash-scaled.jpg); background-position: 50% 0px; \"><div  style=\"position: absolute;top: 0;\"><\/div><div class=\"bg-overlay\" style=\"background:rgba(255,255,255,0.9);\"><\/div><div class=\"container animate_onoffset dark\"><div class=\"section_clear\">\n\t<div class=\"vc_col-sm-12 wpb_column column_container with_padding\" style=\"padding:\" data-animation=\"none\" data-delay=\"\">\n\t\t<div class=\"wpb_wrapper\">\n\t\t\t<h2 style=\"font-size: 14px;color: #e5af5a;line-height: 20px;text-align: center;font-family:Merriweather;font-weight:400;font-style:italic\" class=\"vc_custom_heading\" >Jeste\u015bmy dumni z tego, co zrobili\u015bmy i czego u\u017cywaj\u0105 nasi<\/h2><div class=\"wpb_content_element block_title section_title inner-only_text\"><h1>KLIENCI<\/h1><\/div>\n\t<div class=\"wpb_text_column wpb_content_element\">\n\t\t<div class=\"wpb_wrapper\">\n\t\t\t<h4 style=\"text-align: center;\">Wsp\u00f3\u0142pracujemy z klientami z wielu bran\u017c: pharma, public, healthcare, finansowej, ubezpieczeniowej i retail. Dodatkowo, \u015bci\u015ble wsp\u00f3\u0142pracujemy z wiod\u0105cymi integratorami IT. Bardzo powa\u017cnie traktujemy nasze zobowi\u0105zania do zachowania poufno\u015bci, dlatego szanujemy wol\u0119 naszych klient\u00f3w, aby nie ujawnia\u0107 na stronie internetowej \u017cadnych informacji dotycz\u0105cych projekt\u00f3w i rozwi\u0105za\u0144 realizowanych dla nich przez nas. Informacje takie udost\u0119pniamy wy\u0142\u0105cznie na \u017cyczenie zainteresowanej strony.<\/h4>\n\n\t\t<\/div> \n\t<\/div> \n\t<div class=\"wpb_text_column wpb_content_element\">\n\t\t<div class=\"wpb_wrapper\">\n\t\t\t<h5 style=\"text-align: center;\">In order to request above information please contact us using a contact form or just send us eMail. We will get back to you as soon as we can.<\/h5>\n<h2 style=\"text-align: center;\"><\/h2>\n\n\t\t<\/div> \n\t<\/div> <div class=\"wpb_content_element button\"><a class=\"btn-bt align-center default\" target=\"_parent\" href=\"http:\/\/wordpress2138105.home.pl\/leap_version\/contact\"><span>Skontaktuj si\u0119 z nami<\/span><i class=\"linecon-icon-mail\"><\/i><\/a><\/div>\n\t<div class=\"wpb_text_column wpb_content_element\">\n\t\t<div class=\"wpb_wrapper\">\n\t\t\t<h6 style=\"text-align: center;\"><em>*W uzasadnionych przypadkach udost\u0119pnienie informacji mo\u017ce wymaga\u0107 uzyskania zgody naszego klienta kt\u00f3rego informacje dotycz\u0105 oraz ujawnienia temu klientowi danych podmiotu \u017c\u0105daj\u0105cego takich informacji.<\/em><\/h6>\n\n\t\t<\/div> \n\t<\/div> \n\t\t<\/div> \n\t<\/div> \n<\/div><\/div><\/div><div id=\"fws_69ff2729ad002\" class=\"wpb_row  vc_row-fluid   row-dynamic-el section-style parallax_section\" style=\"background-repeat: no-repeat; background-color: #222222;  background-image: url(https:\/\/www.moovem.pl\/wp-content\/uploads\/2021\/06\/bright-sun-over-the-city-of-warsaw-poland-scaled.jpg); background-position: 50% 0px; \"><div  style=\"position: absolute;top: 0;\"><\/div><div class=\"bg-overlay\" style=\"background:rgba(37,37,37,0.92);\"><\/div><div class=\"container animate_onoffset light\"><div class=\"section_clear\">\n\t<div class=\"vc_col-sm-12 wpb_column column_container with_padding\" style=\"padding:\" data-animation=\"none\" data-delay=\"\">\n\t\t<div class=\"wpb_wrapper\">\n\t\t\t<h2 style=\"font-size: 14px;color: #e5af5a;line-height: 20px;text-align: center;font-family:Merriweather;font-weight:400;font-style:italic\" class=\"vc_custom_heading\" >Znajd\u017a nas<\/h2><div class=\"wpb_content_element block_title section_title inner-small_border\"><h1>DANE KONTAKTOWE<\/h1><span class=\"divider\"><\/span><\/div>\n\t<div class=\"wpb_text_column wpb_content_element\">\n\t\t<div class=\"wpb_wrapper\">\n\t\t\t<h5 style=\"text-align: center;\">W razie jakichkolwiek pyta\u0144<\/h5>\n<h2 style=\"text-align: center;\">Jeste\u015bmy do Twojej dyspozycji !<\/h2>\n\n\t\t<\/div> \n\t<\/div> <div class=\"wpb_content_element button\"><a class=\"btn-bt align-center default\" target=\"_parent\" href=\"mailto:contact@moovem.pro\"><span>Wy\u015blij nam wiadomo\u015b\u0107<\/span><i class=\"linecon-icon-mail\"><\/i><\/a><\/div><div class=\"vc_row wpb_row vc_inner vc_row-fluid\"><div class=\"wpb_column vc_column_container vc_col-sm-3\"><div class=\"vc_column-inner\"><div class=\"wpb_wrapper\"><h2 style=\"font-size: 14px;color: #e5af5a;line-height: 20px;text-align: left;font-family:Merriweather;font-weight:400;font-style:italic\" class=\"vc_custom_heading\" >Adres<\/h2><div class=\"vc_empty_space\"   style=\"height: 32px\"><span class=\"vc_empty_space_inner\"><\/span><\/div>\n\t<div class=\"wpb_text_column wpb_content_element\">\n\t\t<div class=\"wpb_wrapper\">\n\t\t\t<p><strong>MOOVEM Sp. z o.o.<\/strong><\/p>\n<p>Al. Jerozolimskie 100<\/p>\n<p>00-807 WARSAW | POLAND<\/p>\n<p>Email: <a href=\"mailto:contact@moovem.pro\">contact@moovem.pro<\/a><\/p>\n<p>Telefon: +48 22 102 18 50<\/p>\n<p>NIP : PL5252750890<\/p>\n\n\t\t<\/div> \n\t<\/div> <\/div><\/div><\/div><div class=\"wpb_column vc_column_container vc_col-sm-9\"><div class=\"vc_column-inner\"><div class=\"wpb_wrapper\"><div class=\"vc_empty_space\"   style=\"height: 32px\"><span class=\"vc_empty_space_inner\"><\/span><\/div><div class=\"vc-hoverbox-wrapper  vc-hoverbox-shape--rounded vc-hoverbox-align--center vc-hoverbox-direction--default vc-hoverbox-width--100\"  ontouchstart=\"\">\n  <div class=\"vc-hoverbox\">\n    <div class=\"vc-hoverbox-inner\">\n      <div class=\"vc-hoverbox-block vc-hoverbox-front\" style=\"background-image: url(https:\/\/www.moovem.pl\/wp-content\/uploads\/2021\/06\/IMG_0468-1024x683.jpg);\">\n        <div class=\"vc-hoverbox-block-inner vc-hoverbox-front-inner\">\n            \n        <\/div>\n      <\/div>\n      <div class=\"vc-hoverbox-block vc-hoverbox-back\" style=\"background-color: #f7be68;\">\n        <div class=\"vc-hoverbox-block-inner vc-hoverbox-back-inner\">\n            <h2 style=\"text-align:center\">Equator IV<\/h2>\n            <p>Znajdziecie nas pa\u0144stwo na 10tym pi\u0119trze.<\/p>\n\n            \n        <\/div>\n      <\/div>\n    <\/div>\n  <\/div>\n<\/div><\/div><\/div><\/div><\/div>\n\t\t<\/div> \n\t<\/div> \n<\/div><\/div><\/div><div id=\"fws_69ff2729add9f\" class=\"wpb_row  vc_row-fluid  animate_onoffset row-dynamic-el full-width-content section-style\" style=\"\"><div  style=\"position: absolute;top: 0;\"><\/div><div class=\"col span_12  dark\">\n\t<div class=\"vc_col-sm-12 wpb_column column_container with_padding\" style=\"padding:\" data-animation=\"none\" data-delay=\"\">\n\t\t<div class=\"wpb_wrapper\">\n\t\t\t<div class=\"wpb_content_element\"><div class=\"row-fluid row-google-map\" style=\"position:relative; height:500px;\"><iframe class=\"googlemap\" style=\"height:500px;\" frameborder=\"0\" scrolling=\"no\" marginheight=\"0\" marginwidth=\"0\" src=\"https:\/\/www.google.com\/maps\/embed?pb=!1m18!1m12!1m3!1d2444.1825041667507!2d20.9743893159062!3d52.221901979758876!2m3!1f0!2f0!3f0!3m2!1i1024!2i768!4f13.1!3m3!1m2!1s0x471ecc98a7104f0d%3A0xbb63477695fe1a54!2sal.%20Jerozolimskie%20100%2C%2002-017%20Warszawa!5e0!3m2!1spl!2spl!4v1623569240916!5m2!1spl!2spl&amp;output=embed\"><\/iframe><div class=\"desc\"><\/div><\/div><\/div>\n\t\t<\/div> \n\t<\/div> \n<\/div><\/div>\n<\/section>","protected":false},"excerpt":{"rendered":"We are proud ofWhat we Do We implement and deliver IT solutions that accelerate digital transformation by combining traditional delivery methods with strong quality management and intelligent test automation powered by no-code \/ low-code technologies. Advisory services We lead complex business transformation projects powered by technology. We manage Dynamics 365 F&amp;O implementation projects. We advise [...]","protected":false},"author":2,"featured_media":0,"parent":0,"menu_order":0,"comment_status":"closed","ping_status":"closed","template":"","meta":{"footnotes":""},"class_list":["post-3419","page","type-page","status-publish","hentry"],"yoast_head":"<!-- This site is optimized with the Yoast SEO plugin v27.5 - https:\/\/yoast.com\/product\/yoast-seo-wordpress\/ -->\n<title>Home - MOOVEM<\/title>\n<meta name=\"description\" content=\"Low-Code Platform | Digital Transformation | License Management | Software Development\" \/>\n<meta name=\"robots\" content=\"index, follow, max-snippet:-1, max-image-preview:large, max-video-preview:-1\" \/>\n<link rel=\"canonical\" href=\"https:\/\/www.moovem.pl\/pl\/\" \/>\n<meta property=\"og:locale\" content=\"pl_PL\" \/>\n<meta property=\"og:type\" content=\"article\" \/>\n<meta property=\"og:title\" content=\"Home - MOOVEM\" \/>\n<meta property=\"og:description\" content=\"Low-Code Platform | Digital Transformation | License Management | Software Development\" \/>\n<meta property=\"og:url\" content=\"https:\/\/www.moovem.pl\/pl\/\" \/>\n<meta property=\"og:site_name\" content=\"MOOVEM\" \/>\n<meta property=\"article:modified_time\" content=\"2025-04-18T16:06:57+00:00\" \/>\n<meta name=\"twitter:card\" content=\"summary_large_image\" \/>\n<meta name=\"twitter:label1\" content=\"Szacowany czas czytania\" \/>\n\t<meta name=\"twitter:data1\" content=\"2 minuty\" \/>\n<script type=\"application\/ld+json\" class=\"yoast-schema-graph\">{\"@context\":\"https:\\\/\\\/schema.org\",\"@graph\":[{\"@type\":\"WebPage\",\"@id\":\"https:\\\/\\\/www.moovem.pl\\\/\",\"url\":\"https:\\\/\\\/www.moovem.pl\\\/\",\"name\":\"Home - MOOVEM\",\"isPartOf\":{\"@id\":\"https:\\\/\\\/wordpress2138105.home.pl\\\/leap_version\\\/en\\\/#website\"},\"datePublished\":\"2021-06-13T21:21:59+00:00\",\"dateModified\":\"2025-04-18T16:06:57+00:00\",\"description\":\"Low-Code Platform | Digital Transformation | License Management | Software Development\",\"breadcrumb\":{\"@id\":\"https:\\\/\\\/www.moovem.pl\\\/#breadcrumb\"},\"inLanguage\":\"pl-PL\",\"potentialAction\":[{\"@type\":\"ReadAction\",\"target\":[\"https:\\\/\\\/www.moovem.pl\\\/\"]}]},{\"@type\":\"BreadcrumbList\",\"@id\":\"https:\\\/\\\/www.moovem.pl\\\/#breadcrumb\",\"itemListElement\":[{\"@type\":\"ListItem\",\"position\":1,\"name\":\"Home\",\"item\":\"https:\\\/\\\/www.moovem.pl\\\/\"},{\"@type\":\"ListItem\",\"position\":2,\"name\":\"Home\"}]},{\"@type\":\"WebSite\",\"@id\":\"https:\\\/\\\/wordpress2138105.home.pl\\\/leap_version\\\/en\\\/#website\",\"url\":\"https:\\\/\\\/wordpress2138105.home.pl\\\/leap_version\\\/en\\\/\",\"name\":\"MOOVEM\",\"description\":\"Moovem sp. z o.o.\",\"publisher\":{\"@id\":\"https:\\\/\\\/wordpress2138105.home.pl\\\/leap_version\\\/en\\\/#organization\"},\"potentialAction\":[{\"@type\":\"SearchAction\",\"target\":{\"@type\":\"EntryPoint\",\"urlTemplate\":\"https:\\\/\\\/wordpress2138105.home.pl\\\/leap_version\\\/en\\\/?s={search_term_string}\"},\"query-input\":{\"@type\":\"PropertyValueSpecification\",\"valueRequired\":true,\"valueName\":\"search_term_string\"}}],\"inLanguage\":\"pl-PL\"},{\"@type\":\"Organization\",\"@id\":\"https:\\\/\\\/wordpress2138105.home.pl\\\/leap_version\\\/en\\\/#organization\",\"name\":\"MOOVEM\",\"url\":\"https:\\\/\\\/wordpress2138105.home.pl\\\/leap_version\\\/en\\\/\",\"logo\":{\"@type\":\"ImageObject\",\"inLanguage\":\"pl-PL\",\"@id\":\"https:\\\/\\\/wordpress2138105.home.pl\\\/leap_version\\\/en\\\/#\\\/schema\\\/logo\\\/image\\\/\",\"url\":\"https:\\\/leap_version\\\/moovem695.e.wpstage.net\\\/wp-content\\\/uploads\\\/2021\\\/06\\\/logo_color-3.png\",\"contentUrl\":\"https:\\\/leap_version\\\/moovem695.e.wpstage.net\\\/wp-content\\\/uploads\\\/2021\\\/06\\\/logo_color-3.png\",\"width\":1218,\"height\":242,\"caption\":\"MOOVEM\"},\"image\":{\"@id\":\"https:\\\/\\\/wordpress2138105.home.pl\\\/leap_version\\\/en\\\/#\\\/schema\\\/logo\\\/image\\\/\"}}]}<\/script>\n<!-- \/ Yoast SEO plugin. -->","yoast_head_json":{"title":"Home - MOOVEM","description":"Low-Code Platform | Digital Transformation | License Management | Software Development","robots":{"index":"index","follow":"follow","max-snippet":"max-snippet:-1","max-image-preview":"max-image-preview:large","max-video-preview":"max-video-preview:-1"},"canonical":"https:\/\/www.moovem.pl\/pl\/","og_locale":"pl_PL","og_type":"article","og_title":"Home - MOOVEM","og_description":"Low-Code Platform | Digital Transformation | License Management | Software Development","og_url":"https:\/\/www.moovem.pl\/pl\/","og_site_name":"MOOVEM","article_modified_time":"2025-04-18T16:06:57+00:00","twitter_card":"summary_large_image","twitter_misc":{"Szacowany czas czytania":"2 minuty"},"schema":{"@context":"https:\/\/schema.org","@graph":[{"@type":"WebPage","@id":"https:\/\/www.moovem.pl\/","url":"https:\/\/www.moovem.pl\/","name":"Home - MOOVEM","isPartOf":{"@id":"https:\/\/wordpress2138105.home.pl\/leap_version\/en\/#website"},"datePublished":"2021-06-13T21:21:59+00:00","dateModified":"2025-04-18T16:06:57+00:00","description":"Low-Code Platform | Digital Transformation | License Management | Software Development","breadcrumb":{"@id":"https:\/\/www.moovem.pl\/#breadcrumb"},"inLanguage":"pl-PL","potentialAction":[{"@type":"ReadAction","target":["https:\/\/www.moovem.pl\/"]}]},{"@type":"BreadcrumbList","@id":"https:\/\/www.moovem.pl\/#breadcrumb","itemListElement":[{"@type":"ListItem","position":1,"name":"Home","item":"https:\/\/www.moovem.pl\/"},{"@type":"ListItem","position":2,"name":"Home"}]},{"@type":"WebSite","@id":"https:\/\/wordpress2138105.home.pl\/leap_version\/en\/#website","url":"https:\/\/wordpress2138105.home.pl\/leap_version\/en\/","name":"MOOVEM","description":"Moovem sp. z o.o.","publisher":{"@id":"https:\/\/wordpress2138105.home.pl\/leap_version\/en\/#organization"},"potentialAction":[{"@type":"SearchAction","target":{"@type":"EntryPoint","urlTemplate":"https:\/\/wordpress2138105.home.pl\/leap_version\/en\/?s={search_term_string}"},"query-input":{"@type":"PropertyValueSpecification","valueRequired":true,"valueName":"search_term_string"}}],"inLanguage":"pl-PL"},{"@type":"Organization","@id":"https:\/\/wordpress2138105.home.pl\/leap_version\/en\/#organization","name":"MOOVEM","url":"https:\/\/wordpress2138105.home.pl\/leap_version\/en\/","logo":{"@type":"ImageObject","inLanguage":"pl-PL","@id":"https:\/\/wordpress2138105.home.pl\/leap_version\/en\/#\/schema\/logo\/image\/","url":"https:\/leap_version\/moovem695.e.wpstage.net\/wp-content\/uploads\/2021\/06\/logo_color-3.png","contentUrl":"https:\/leap_version\/moovem695.e.wpstage.net\/wp-content\/uploads\/2021\/06\/logo_color-3.png","width":1218,"height":242,"caption":"MOOVEM"},"image":{"@id":"https:\/\/wordpress2138105.home.pl\/leap_version\/en\/#\/schema\/logo\/image\/"}}]}},"_links":{"self":[{"href":"https:\/\/www.moovem.pl\/pl\/wp-json\/wp\/v2\/pages\/3419","targetHints":{"allow":["GET"]}}],"collection":[{"href":"https:\/\/www.moovem.pl\/pl\/wp-json\/wp\/v2\/pages"}],"about":[{"href":"https:\/\/www.moovem.pl\/pl\/wp-json\/wp\/v2\/types\/page"}],"author":[{"embeddable":true,"href":"https:\/\/www.moovem.pl\/pl\/wp-json\/wp\/v2\/users\/2"}],"replies":[{"embeddable":true,"href":"https:\/\/www.moovem.pl\/pl\/wp-json\/wp\/v2\/comments?post=3419"}],"version-history":[{"count":246,"href":"https:\/\/www.moovem.pl\/pl\/wp-json\/wp\/v2\/pages\/3419\/revisions"}],"predecessor-version":[{"id":4832,"href":"https:\/\/www.moovem.pl\/pl\/wp-json\/wp\/v2\/pages\/3419\/revisions\/4832"}],"wp:attachment":[{"href":"https:\/\/www.moovem.pl\/pl\/wp-json\/wp\/v2\/media?parent=3419"}],"curies":[{"name":"wp","href":"https:\/\/api.w.org\/{rel}","templated":true}]}}