{"id":4557,"date":"2023-07-02T03:53:53","date_gmt":"2023-07-02T01:53:53","guid":{"rendered":"http:\/\/wordpress2138105.home.pl\/leap_version\/?page_id=4557"},"modified":"2023-07-02T15:02:01","modified_gmt":"2023-07-02T13:02:01","slug":"software-services","status":"publish","type":"page","link":"https:\/\/www.moovem.pl\/pl\/software-services\/","title":{"rendered":"Software Services"},"content":{"rendered":"<section class=\"wpb-content-wrapper\"><div id=\"fws_69eb6d3d903c4\" class=\"wpb_row  vc_row-fluid   row-dynamic-el section-style parallax_section\" style=\"background-repeat: no-repeat;  background-image: url(https:\/\/www.moovem.pl\/wp-content\/uploads\/revslider\/officeloop_cover.jpg); background-position: 50% 0px; \"><div  style=\"position: absolute;top: 0;\"><\/div><div class=\"bg-overlay\" style=\"background:rgba(37,37,37,0.8 );\"><\/div><div class=\"container animate_onoffset light\"><div class=\"section_clear\">\n\t<div class=\"vc_col-sm-12 wpb_column column_container with_padding\" style=\"padding:\" data-animation=\"none\" data-delay=\"\">\n\t\t<div class=\"wpb_wrapper\">\n\t\t\t<h2 style=\"font-size: 14px;color: #e5af5a;line-height: 20px;text-align: center;font-family:Merriweather;font-weight:400;font-style:italic\" class=\"vc_custom_heading\" >Rozw\u00f3j oprogramowania i outsourcing<\/h2><div class=\"wpb_content_element block_title section_title inner-only_text\"><h1>NASZE ZESPO\u0141Y POMOG\u0104 ZDYGITALIZOWA\u0106 TW\u00d3J BIZNES!<\/h1><\/div><div class=\"services_small wpb_content_element align_left style_1\"><dl class=\"dl-horizontal with_icon\">    <dt>        <i class=\"linecon-icon-tag\" style=\"color:#e5af5a;\"><\/i>    <\/dt>    <dd>        <h4><a href=\"#\"><\/a><\/h4>    <div class=\"content\">         <div><\/p>\n<h3>Nasz zesp\u00f3\u0142 specjalizuje si\u0119 w tworzeniu i utrzymaniu oprogramowania na zam\u00f3wienie. Mo\u017cemy pom\u00f3c Ci w pe\u0142nym cyklu \u017cycia produktu - od projektu po wdro\u017cenie i utrzymanie. Mo\u017cemy r\u00f3wnie\u017c stworzy\u0107 dla Ciebie dedykowany zesp\u00f3\u0142 lub dostarczy\u0107 Ci wybrane kompetencje w modelu outsourcingowym.<\/h3>\n<p><\/div>    <\/div>    <\/dd><\/dl><\/div><div class=\"services_small wpb_content_element align_left style_1\"><dl class=\"dl-horizontal with_icon\">    <dt>        <i class=\"linecon-icon-tag\" style=\"color:#e5af5a;\"><\/i>    <\/dt>    <dd>        <h4><a href=\"\"><\/a><\/h4>    <div class=\"content\">         <div><\/p>\n<h3><span lang=\"EN-US\">Nasi pracownicy s\u0105 zaanga\u017cowani w r\u00f3\u017cne projekty zwi\u0105zane z tworzeniem oprogramowania - g\u0142\u00f3wnie jako cz\u0119\u015b\u0107 wi\u0119kszych zespo\u0142\u00f3w dostarczaj\u0105cych kompleksowe rozwi\u0105zania dla klient\u00f3w publicznych i komercyjnych (farmacja, handel detaliczny, opieka zdrowotna, finanse i ubezpieczenia).<\/span><\/h3>\n<p><\/div>    <\/div>    <\/dd><\/dl><\/div><div class=\"services_small wpb_content_element align_left style_1 translation-block\">Tworzymy systemy dostosowane do proces\u00f3w zarz\u0105dzania przedsi\u0119biorstwem, wykorzystuj\u0105c g\u0142\u00f3wne metodyki, narz\u0119dzia i frameworki programistyczne lub podej\u015bcie low-code z wykorzystaniem <span style=\"text-decoration: underline\"><a href=\"http:\/\/wordpress2138105.home.pl\/leap_version\/low-code-platform\/\" target=\"_self\"> GeneXus\u2122 Low-Code Platform<\/a><\/span> lub Microsoft Power Platform.<\/div>\n<div class=\"vc_grid-container-wrapper vc_clearfix vc_grid-animation-zoomIn\">\n\t<div class=\"vc_grid-container vc_clearfix wpb_content_element vc_masonry_media_grid\" data-initial-loading-animation=\"zoomIn\" data-vc-grid-settings=\"{&quot;page_id&quot;:4557,&quot;style&quot;:&quot;all-masonry&quot;,&quot;action&quot;:&quot;vc_get_vc_grid_data&quot;,&quot;shortcode_id&quot;:&quot;1688302830933-7083758c-c1b8-7&quot;,&quot;tag&quot;:&quot;vc_masonry_media_grid&quot;}\" data-vc-request=\"https:\/\/www.moovem.pl\/wp-admin\/admin-ajax.php\" data-vc-post-id=\"4557\" data-vc-public-nonce=\"34ba0ba7df\">\n\t\t\n\t<\/div>\n<\/div>\n\t<div class=\"wpb_text_column wpb_content_element\">\n\t\t<div class=\"wpb_wrapper\">\n\t\t\t<h3 style=\"text-align: center;\">Je\u015bli jeste\u015b zainteresowany lub potrzebujesz wi\u0119cej informacji<\/h3>\n\n\t\t<\/div> \n\t<\/div> <div class=\"vc_btn3-container vc_btn3-center vc_custom_1623961029072\" ><a class=\"vc_general vc_btn3 vc_btn3-size-md vc_btn3-shape-round vc_btn3-style-modern vc_btn3-color-orange\" href=\"#contact\" title=\"\">Wy\u015blij nam wiadomo\u015b\u0107<\/a><\/div><div class=\"vc_empty_space\"   style=\"height: 32px\"><span class=\"vc_empty_space_inner\"><\/span><\/div>\n\t\t<\/div> \n\t<\/div> \n<\/div><\/div><\/div><div id=\"fws_69eb6d3d9153a\" class=\"wpb_row  vc_row-fluid  animate_onoffset row-dynamic-el section-style\" style=\"background-color: #eaeaea; \"><div  style=\"position: absolute;top: 0;\"><\/div><div class=\"container  dark\"><div class=\"section_clear\">\n\t<div class=\"vc_col-sm-12 wpb_column column_container with_padding\" style=\"padding:\" data-animation=\"none\" data-delay=\"\">\n\t\t<div class=\"wpb_wrapper\">\n\t\t\t<div class=\"wpb_content_element block_title section_title inner-only_text\"><p style=\"padding:0 28%;\">Skorzystaj z formularza kontaktowego lub po prostu wy\u015blij do nas <strong><a href=\"mailto:office@moovem.pro\">E-mail<\/a>.<\/strong><br \/>\nOdezwiemy si\u0119 do Ciebie tak szybko jak tylko b\u0119dziemy mogli.<a href=\"https:\/\/\/pl\/leap_version\/www.genexus.com\/en\/products\/genexus\/\"><br \/>\n<\/a><\/p><\/div><div class=\"vc_row wpb_row vc_inner vc_row-fluid\"><div class=\"wpb_column vc_column_container vc_col-sm-3\"><div class=\"vc_column-inner\"><div class=\"wpb_wrapper\"><\/div><\/div><\/div><div class=\"wpb_column vc_column_container vc_col-sm-6\" id=\"contact\"><div class=\"vc_column-inner\"><div class=\"wpb_wrapper\">\n<div class=\"wpcf7 no-js\" id=\"wpcf7-f3394-o1\" lang=\"pl-PL\" dir=\"ltr\">\n<div class=\"screen-reader-response\"><p role=\"status\" aria-live=\"polite\" aria-atomic=\"true\"><\/p> <ul><\/ul><\/div>\n<form action=\"\/pl\/wp-json\/wp\/v2\/pages\/4557#wpcf7-f3394-o1\" method=\"post\" class=\"wpcf7-form init wpcf7-acceptance-as-validation\" aria-label=\"Formularz kontaktowy\" novalidate=\"novalidate\" data-status=\"init\" data-trp-original-action=\"\/pl\/wp-json\/wp\/v2\/pages\/4557#wpcf7-f3394-o1\">\n<div style=\"display: none;\">\n<input type=\"hidden\" name=\"_wpcf7\" value=\"3394\" \/>\n<input type=\"hidden\" name=\"_wpcf7_version\" value=\"5.8.7\" \/>\n<input type=\"hidden\" name=\"_wpcf7_locale\" value=\"pl_PL\" \/>\n<input type=\"hidden\" name=\"_wpcf7_unit_tag\" value=\"wpcf7-f3394-o1\" \/>\n<input type=\"hidden\" name=\"_wpcf7_container_post\" value=\"0\" \/>\n<input type=\"hidden\" name=\"_wpcf7_posted_data_hash\" value=\"\" \/>\n<\/div>\n<div class=\"formWrapper\">\n\t<p><label> Twoje imi\u0119 i nazwisko<br \/>\n<span class=\"wpcf7-form-control-wrap\" data-name=\"your-name\"><input size=\"40\" class=\"wpcf7-form-control wpcf7-text wpcf7-validates-as-required\" aria-required=\"true\" aria-invalid=\"false\" value=\"\" type=\"text\" name=\"your-name\" \/><\/span> <\/label>\n\t<\/p>\n\t<p><label>Tw\u00f3j e-mail<br \/>\n<span class=\"wpcf7-form-control-wrap\" data-name=\"your-email\"><input size=\"40\" class=\"wpcf7-form-control wpcf7-email wpcf7-validates-as-required wpcf7-text wpcf7-validates-as-email\" aria-required=\"true\" aria-invalid=\"false\" value=\"\" type=\"email\" name=\"your-email\" \/><\/span> <\/label>\n\t<\/p>\n\t<p><label> Nazwa firmy<br \/>\n<span class=\"wpcf7-form-control-wrap\" data-name=\"your-company-name\"><input size=\"40\" class=\"wpcf7-form-control wpcf7-text wpcf7-validates-as-required\" aria-required=\"true\" aria-invalid=\"false\" value=\"\" type=\"text\" name=\"your-company-name\" \/><\/span> <\/label>\n\t<\/p>\n\t<p><label> Temat:<br \/>\n<span class=\"wpcf7-form-control-wrap\" data-name=\"your-subject\"><input size=\"40\" class=\"wpcf7-form-control wpcf7-text wpcf7-validates-as-required\" aria-required=\"true\" aria-invalid=\"false\" value=\"\" type=\"text\" name=\"your-subject\" \/><\/span> <\/label>\n\t<\/p>\n\t<p><label> Wiadomo\u015b\u0107<br \/>\n<span class=\"wpcf7-form-control-wrap\" data-name=\"your-message\"><textarea cols=\"40\" rows=\"10\" class=\"wpcf7-form-control wpcf7-textarea\" aria-invalid=\"false\" name=\"your-message\"><\/textarea><\/span> <\/label>\n\t<\/p>\n\t<p><span class=\"wpcf7-form-control-wrap\" data-name=\"acceptance-446\"><span class=\"wpcf7-form-control wpcf7-acceptance\"><span class=\"wpcf7-list-item\"><label><input type=\"checkbox\" name=\"acceptance-446\" value=\"1\" aria-invalid=\"false\" \/><span class=\"wpcf7-list-item-label\">Rozumiem i akceptuj\u0119, \u017ce wysy\u0142aj\u0105c wiadomo\u015b\u0107 za po\u015brednictwem tego formularza, wyra\u017cam zgod\u0119 na przetwarzanie moich danych osobowych. Wi\u0119cej informacji na temat przetwarzania danych mo\u017cna znale\u017a\u0107 w naszej Polityce Prywatno\u015bci.<br> <br> <a href=\"http:\/\/\/pl\/leap_version\/wordpress2138105.home.pl\/TEST_PA\/FT\/privacy-policy\/\"> Zobacz Polityk\u0119 Prywatno\u015bci GDPR <\/a><\/span><\/label><\/span><\/span><\/span>\n\t<\/p>\n\t<p><input class=\"wpcf7-form-control wpcf7-submit has-spinner\" type=\"submit\" value=\"Wy\u015blij\" \/>\n\t<\/p>\n<\/div><p style=\"display: none !important;\" class=\"akismet-fields-container\" data-prefix=\"_wpcf7_ak_\"><label>&#916;<textarea name=\"_wpcf7_ak_hp_textarea\" cols=\"45\" rows=\"8\" maxlength=\"100\"><\/textarea><\/label><input type=\"hidden\" id=\"ak_js_1\" name=\"_wpcf7_ak_js\" value=\"85\"\/><script>document.getElementById( \"ak_js_1\" ).setAttribute( \"value\", ( new Date() ).getTime() );<\/script><\/p><div class=\"wpcf7-response-output\" aria-hidden=\"true\"><\/div>\n<input type=\"hidden\" name=\"trp-form-language\" value=\"pl\"\/><\/form>\n<\/div>\n<\/div><\/div><\/div><div class=\"wpb_column vc_column_container vc_col-sm-3\"><div class=\"vc_column-inner\"><div class=\"wpb_wrapper\"><\/div><\/div><\/div><\/div>\n\t\t<\/div> \n\t<\/div> \n<\/div><\/div><\/div>\n<\/section>","protected":false},"excerpt":{"rendered":"Software Development &amp; OutsourcingOur Teams help digitalise Your Business ! Our team specializes in custom software development and maintenance.\u00a0We can assist you in the complete life cycle of the product - from design to implementation and maintenance. We can also create dedicated team for you or deliver you selected competencies in outsourcing model. Our staff [...]","protected":false},"author":2,"featured_media":0,"parent":0,"menu_order":0,"comment_status":"closed","ping_status":"closed","template":"","meta":{"footnotes":""},"class_list":["post-4557","page","type-page","status-publish","hentry"],"yoast_head":"<!-- This site is optimized with the Yoast SEO plugin v22.1 - https:\/\/yoast.com\/wordpress\/plugins\/seo\/ -->\n<title>Software Services - MOOVEM<\/title>\n<meta name=\"robots\" content=\"index, follow, max-snippet:-1, max-image-preview:large, max-video-preview:-1\" \/>\n<link rel=\"canonical\" href=\"https:\/\/wordpress2138105.home.pl\/leap_version\/software-services\/\" \/>\n<meta property=\"og:locale\" content=\"pl_PL\" \/>\n<meta property=\"og:type\" content=\"article\" \/>\n<meta property=\"og:title\" content=\"Software Services - MOOVEM\" \/>\n<meta property=\"og:url\" content=\"https:\/\/wordpress2138105.home.pl\/leap_version\/software-services\/\" \/>\n<meta property=\"og:site_name\" content=\"MOOVEM\" \/>\n<meta property=\"article:modified_time\" content=\"2023-07-02T13:02:01+00:00\" \/>\n<meta name=\"twitter:card\" content=\"summary_large_image\" \/>\n<meta name=\"twitter:label1\" content=\"Szacowany czas czytania\" \/>\n\t<meta name=\"twitter:data1\" content=\"1 minuta\" \/>\n<script type=\"application\/ld+json\" class=\"yoast-schema-graph\">{\"@context\":\"https:\/\/schema.org\",\"@graph\":[{\"@type\":\"WebPage\",\"@id\":\"https:\/\/wordpress2138105.home.pl\/leap_version\/software-services\/\",\"url\":\"https:\/\/wordpress2138105.home.pl\/leap_version\/software-services\/\",\"name\":\"Software Services - MOOVEM\",\"isPartOf\":{\"@id\":\"https:\/\/wordpress2138105.home.pl\/leap_version\/en\/#website\"},\"datePublished\":\"2023-07-02T01:53:53+00:00\",\"dateModified\":\"2023-07-02T13:02:01+00:00\",\"breadcrumb\":{\"@id\":\"https:\/\/wordpress2138105.home.pl\/leap_version\/software-services\/#breadcrumb\"},\"inLanguage\":\"pl-PL\",\"potentialAction\":[{\"@type\":\"ReadAction\",\"target\":[\"https:\/\/wordpress2138105.home.pl\/leap_version\/software-services\/\"]}]},{\"@type\":\"BreadcrumbList\",\"@id\":\"https:\/\/wordpress2138105.home.pl\/leap_version\/software-services\/#breadcrumb\",\"itemListElement\":[{\"@type\":\"ListItem\",\"position\":1,\"name\":\"Home\",\"item\":\"https:\/\/www.moovem.pl\/\"},{\"@type\":\"ListItem\",\"position\":2,\"name\":\"Software Services\"}]},{\"@type\":\"WebSite\",\"@id\":\"https:\/\/wordpress2138105.home.pl\/leap_version\/en\/#website\",\"url\":\"https:\/\/wordpress2138105.home.pl\/leap_version\/en\/\",\"name\":\"MOOVEM\",\"description\":\"Moovem sp. z o.o.\",\"publisher\":{\"@id\":\"https:\/\/wordpress2138105.home.pl\/leap_version\/en\/#organization\"},\"potentialAction\":[{\"@type\":\"SearchAction\",\"target\":{\"@type\":\"EntryPoint\",\"urlTemplate\":\"https:\/\/wordpress2138105.home.pl\/leap_version\/en\/?s={search_term_string}\"},\"query-input\":\"required name=search_term_string\"}],\"inLanguage\":\"pl-PL\"},{\"@type\":\"Organization\",\"@id\":\"https:\/\/wordpress2138105.home.pl\/leap_version\/en\/#organization\",\"name\":\"MOOVEM\",\"url\":\"https:\/\/wordpress2138105.home.pl\/leap_version\/en\/\",\"logo\":{\"@type\":\"ImageObject\",\"inLanguage\":\"pl-PL\",\"@id\":\"https:\/\/wordpress2138105.home.pl\/leap_version\/en\/#\/schema\/logo\/image\/\",\"url\":\"https:\/leap_version\/moovem695.e.wpstage.net\/wp-content\/uploads\/2021\/06\/logo_color-3.png\",\"contentUrl\":\"https:\/leap_version\/moovem695.e.wpstage.net\/wp-content\/uploads\/2021\/06\/logo_color-3.png\",\"width\":1218,\"height\":242,\"caption\":\"MOOVEM\"},\"image\":{\"@id\":\"https:\/\/wordpress2138105.home.pl\/leap_version\/en\/#\/schema\/logo\/image\/\"}}]}<\/script>\n<!-- \/ Yoast SEO plugin. -->","yoast_head_json":{"title":"Software Services - MOOVEM","robots":{"index":"index","follow":"follow","max-snippet":"max-snippet:-1","max-image-preview":"max-image-preview:large","max-video-preview":"max-video-preview:-1"},"canonical":"https:\/\/wordpress2138105.home.pl\/leap_version\/software-services\/","og_locale":"pl_PL","og_type":"article","og_title":"Software Services - MOOVEM","og_url":"https:\/\/wordpress2138105.home.pl\/leap_version\/software-services\/","og_site_name":"MOOVEM","article_modified_time":"2023-07-02T13:02:01+00:00","twitter_card":"summary_large_image","twitter_misc":{"Szacowany czas czytania":"1 minuta"},"schema":{"@context":"https:\/\/schema.org","@graph":[{"@type":"WebPage","@id":"https:\/\/wordpress2138105.home.pl\/leap_version\/software-services\/","url":"https:\/\/wordpress2138105.home.pl\/leap_version\/software-services\/","name":"Software Services - MOOVEM","isPartOf":{"@id":"https:\/\/wordpress2138105.home.pl\/leap_version\/en\/#website"},"datePublished":"2023-07-02T01:53:53+00:00","dateModified":"2023-07-02T13:02:01+00:00","breadcrumb":{"@id":"https:\/\/wordpress2138105.home.pl\/leap_version\/software-services\/#breadcrumb"},"inLanguage":"pl-PL","potentialAction":[{"@type":"ReadAction","target":["https:\/\/wordpress2138105.home.pl\/leap_version\/software-services\/"]}]},{"@type":"BreadcrumbList","@id":"https:\/\/wordpress2138105.home.pl\/leap_version\/software-services\/#breadcrumb","itemListElement":[{"@type":"ListItem","position":1,"name":"Home","item":"https:\/\/www.moovem.pl\/"},{"@type":"ListItem","position":2,"name":"Software Services"}]},{"@type":"WebSite","@id":"https:\/\/wordpress2138105.home.pl\/leap_version\/en\/#website","url":"https:\/\/wordpress2138105.home.pl\/leap_version\/en\/","name":"MOOVEM","description":"Moovem sp. z o.o.","publisher":{"@id":"https:\/\/wordpress2138105.home.pl\/leap_version\/en\/#organization"},"potentialAction":[{"@type":"SearchAction","target":{"@type":"EntryPoint","urlTemplate":"https:\/\/wordpress2138105.home.pl\/leap_version\/en\/?s={search_term_string}"},"query-input":"required name=search_term_string"}],"inLanguage":"pl-PL"},{"@type":"Organization","@id":"https:\/\/wordpress2138105.home.pl\/leap_version\/en\/#organization","name":"MOOVEM","url":"https:\/\/wordpress2138105.home.pl\/leap_version\/en\/","logo":{"@type":"ImageObject","inLanguage":"pl-PL","@id":"https:\/\/wordpress2138105.home.pl\/leap_version\/en\/#\/schema\/logo\/image\/","url":"https:\/leap_version\/moovem695.e.wpstage.net\/wp-content\/uploads\/2021\/06\/logo_color-3.png","contentUrl":"https:\/leap_version\/moovem695.e.wpstage.net\/wp-content\/uploads\/2021\/06\/logo_color-3.png","width":1218,"height":242,"caption":"MOOVEM"},"image":{"@id":"https:\/\/wordpress2138105.home.pl\/leap_version\/en\/#\/schema\/logo\/image\/"}}]}},"_links":{"self":[{"href":"https:\/\/www.moovem.pl\/pl\/wp-json\/wp\/v2\/pages\/4557","targetHints":{"allow":["GET"]}}],"collection":[{"href":"https:\/\/www.moovem.pl\/pl\/wp-json\/wp\/v2\/pages"}],"about":[{"href":"https:\/\/www.moovem.pl\/pl\/wp-json\/wp\/v2\/types\/page"}],"author":[{"embeddable":true,"href":"https:\/\/www.moovem.pl\/pl\/wp-json\/wp\/v2\/users\/2"}],"replies":[{"embeddable":true,"href":"https:\/\/www.moovem.pl\/pl\/wp-json\/wp\/v2\/comments?post=4557"}],"version-history":[{"count":4,"href":"https:\/\/www.moovem.pl\/pl\/wp-json\/wp\/v2\/pages\/4557\/revisions"}],"predecessor-version":[{"id":4600,"href":"https:\/\/www.moovem.pl\/pl\/wp-json\/wp\/v2\/pages\/4557\/revisions\/4600"}],"wp:attachment":[{"href":"https:\/\/www.moovem.pl\/pl\/wp-json\/wp\/v2\/media?parent=4557"}],"curies":[{"name":"wp","href":"https:\/\/api.w.org\/{rel}","templated":true}]}}